{"id":1343,"date":"2022-05-23T07:48:56","date_gmt":"2022-05-23T05:48:56","guid":{"rendered":"https:\/\/feelunic.ch\/produkt\/dhanvantara-tailam-no-1\/"},"modified":"2022-10-10T14:12:16","modified_gmt":"2022-10-10T12:12:16","slug":"dhanvantara-tailam-no-1","status":"publish","type":"product","link":"https:\/\/feelunic.ch\/fr\/produkt\/dhanvantara-tailam-no-1\/","title":{"rendered":"Dhanvantara Tailam No 1"},"content":{"rendered":"<p><strong>Huile de massage 100 ml<\/strong><\/p>\n<p>Dhanvantara Tailam est une huile de massage ayurv\u00e9dique traditionnelle. Elle a un effet calmant et \u00e9quilibrant sur le prana. Elle a un effet ancr\u00e9, nourrit les tissus, soigne la peau et r\u00e9chauffe. Elle peut \u00eatre utilis\u00e9e pour les massages du corps et du visage pour tous les types constitutionnels ainsi qu&#8217;un additif de bain. Elle est particuli\u00e8rement adapt\u00e9e \u00e0 la constitution Vata en cas de sensation de froid, de perte de poids et de tissus non d\u00e9sir\u00e9e, de membres fatigu\u00e9s, d&#8217;\u00e9puisement et de convalescence. Pour vous aider \u00e0 vous endormir, l&#8217;huile est appliqu\u00e9e sur la plante des deux pieds et mass\u00e9e doucement. Les textes ayurv\u00e9diques recommandent un massage quotidien avec de l&#8217;huile chaude, 15 minutes avant le bain\/la douche ou en ajoutant quelques gouttes \u00e0 l&#8217;eau du bain comme additif pour le bain. Vous aimeriez savoir de quel type vous \u00eates et quels aliments maintiennent ou activent votre sant\u00e9 ? Je suis heureuse de vous accompagner et de vous soutenir dans les conseils de nutrition et de sant\u00e9 Ayurveda.<\/p>\n","protected":false},"excerpt":{"rendered":"<p>Huile de massage 100 ml Dhanvantara Tailam est une huile de massage ayurv\u00e9dique traditionnelle. Elle a un effet calmant et \u00e9quilibrant sur le prana. Elle a un effet ancr\u00e9, nourrit les tissus, soigne la peau et r\u00e9chauffe. Elle peut \u00eatre utilis\u00e9e pour les massages du corps et du visage pour tous les types constitutionnels ainsi [&hellip;]<\/p>\n","protected":false},"featured_media":1152,"comment_status":"open","ping_status":"closed","template":"","meta":{"_acf_changed":false,"inline_featured_image":false},"product_brand":[],"product_cat":[43],"product_tag":[54],"class_list":{"0":"post-1343","1":"product","2":"type-product","3":"status-publish","4":"has-post-thumbnail","6":"product_cat-ayurveda-fr","7":"product_tag-dhanvantara-tailam-no-1-fr-2","9":"first","10":"instock","11":"shipping-taxable","12":"purchasable","13":"product-type-simple"},"acf":[],"_links":{"self":[{"href":"https:\/\/feelunic.ch\/fr\/wp-json\/wp\/v2\/product\/1343","targetHints":{"allow":["GET"]}}],"collection":[{"href":"https:\/\/feelunic.ch\/fr\/wp-json\/wp\/v2\/product"}],"about":[{"href":"https:\/\/feelunic.ch\/fr\/wp-json\/wp\/v2\/types\/product"}],"replies":[{"embeddable":true,"href":"https:\/\/feelunic.ch\/fr\/wp-json\/wp\/v2\/comments?post=1343"}],"wp:featuredmedia":[{"embeddable":true,"href":"https:\/\/feelunic.ch\/fr\/wp-json\/wp\/v2\/media\/1152"}],"wp:attachment":[{"href":"https:\/\/feelunic.ch\/fr\/wp-json\/wp\/v2\/media?parent=1343"}],"wp:term":[{"taxonomy":"product_brand","embeddable":true,"href":"https:\/\/feelunic.ch\/fr\/wp-json\/wp\/v2\/product_brand?post=1343"},{"taxonomy":"product_cat","embeddable":true,"href":"https:\/\/feelunic.ch\/fr\/wp-json\/wp\/v2\/product_cat?post=1343"},{"taxonomy":"product_tag","embeddable":true,"href":"https:\/\/feelunic.ch\/fr\/wp-json\/wp\/v2\/product_tag?post=1343"}],"curies":[{"name":"wp","href":"https:\/\/api.w.org\/{rel}","templated":true}]}}