{"id":1342,"date":"2022-05-23T08:11:58","date_gmt":"2022-05-23T06:11:58","guid":{"rendered":"https:\/\/feelunic.ch\/produkt\/ayurveda-kapha-aktivoel\/"},"modified":"2022-10-13T12:43:47","modified_gmt":"2022-10-13T10:43:47","slug":"ayurveda-kapha-aktivoel","status":"publish","type":"product","link":"https:\/\/feelunic.ch\/fr\/produkt\/ayurveda-kapha-aktivoel\/","title":{"rendered":"Ayurveda Kapha huile active"},"content":{"rendered":"<p><strong>Huile de massage 250 ml<\/strong><\/p>\n<p>Cette huile a un effet chauffant, activant, tonifiant, lissant et purifiant. Il est particuli\u00e8rement adapt\u00e9 aux personnes ayant une constitution kapha ou des d\u00e9s\u00e9quilibres kapha dans lesquels les tissus veulent \u00eatre d\u00e9compos\u00e9s pour aider \u00e0 suivre un r\u00e9gime, avant le sport ou une activit\u00e9 planifi\u00e9e. Les textes ayurv\u00e9diques recommandent un massage quotidien avec de l&#8217;huile chaude, 15 minutes avant le bain\/la douche ou en ajoutant quelques gouttes \u00e0 l&#8217;eau du bain comme additif pour le bain. Vous aimeriez savoir quel type de constitution vous \u00eates et quels aliments maintiennent ou activent votre sant\u00e9 ? Je suis heureuse de vous soutenir et de vous accompagner dans les conseils de nutrition et de sant\u00e9 Ayurveda.<\/p>\n","protected":false},"excerpt":{"rendered":"<p>Huile de massage 250 ml Cette huile a un effet chauffant, activant, tonifiant, lissant et purifiant. Il est particuli\u00e8rement adapt\u00e9 aux personnes ayant une constitution kapha ou des d\u00e9s\u00e9quilibres kapha dans lesquels les tissus veulent \u00eatre d\u00e9compos\u00e9s pour aider \u00e0 suivre un r\u00e9gime, avant le sport ou une activit\u00e9 planifi\u00e9e. Les textes ayurv\u00e9diques recommandent un [&hellip;]<\/p>\n","protected":false},"featured_media":1151,"comment_status":"open","ping_status":"closed","template":"","meta":{"_acf_changed":false,"inline_featured_image":false},"product_brand":[],"product_cat":[43],"product_tag":[49],"class_list":{"0":"post-1342","1":"product","2":"type-product","3":"status-publish","4":"has-post-thumbnail","6":"product_cat-ayurveda-fr","7":"product_tag-ayurveda-kapha-aktivoel-fr","9":"first","10":"instock","11":"shipping-taxable","12":"purchasable","13":"product-type-simple"},"acf":[],"_links":{"self":[{"href":"https:\/\/feelunic.ch\/fr\/wp-json\/wp\/v2\/product\/1342","targetHints":{"allow":["GET"]}}],"collection":[{"href":"https:\/\/feelunic.ch\/fr\/wp-json\/wp\/v2\/product"}],"about":[{"href":"https:\/\/feelunic.ch\/fr\/wp-json\/wp\/v2\/types\/product"}],"replies":[{"embeddable":true,"href":"https:\/\/feelunic.ch\/fr\/wp-json\/wp\/v2\/comments?post=1342"}],"wp:featuredmedia":[{"embeddable":true,"href":"https:\/\/feelunic.ch\/fr\/wp-json\/wp\/v2\/media\/1151"}],"wp:attachment":[{"href":"https:\/\/feelunic.ch\/fr\/wp-json\/wp\/v2\/media?parent=1342"}],"wp:term":[{"taxonomy":"product_brand","embeddable":true,"href":"https:\/\/feelunic.ch\/fr\/wp-json\/wp\/v2\/product_brand?post=1342"},{"taxonomy":"product_cat","embeddable":true,"href":"https:\/\/feelunic.ch\/fr\/wp-json\/wp\/v2\/product_cat?post=1342"},{"taxonomy":"product_tag","embeddable":true,"href":"https:\/\/feelunic.ch\/fr\/wp-json\/wp\/v2\/product_tag?post=1342"}],"curies":[{"name":"wp","href":"https:\/\/api.w.org\/{rel}","templated":true}]}}