{"id":1341,"date":"2022-05-23T08:13:18","date_gmt":"2022-05-23T06:13:18","guid":{"rendered":"https:\/\/feelunic.ch\/produkt\/pinda-tailam-no-8\/"},"modified":"2022-10-10T14:09:12","modified_gmt":"2022-10-10T12:09:12","slug":"pinda-tailam-no-8","status":"publish","type":"product","link":"https:\/\/feelunic.ch\/fr\/produkt\/pinda-tailam-no-8\/","title":{"rendered":"Pinda &#8211; Tailam No 8"},"content":{"rendered":"<p><strong>Huile de massage 100 ml<\/strong><\/p>\n<p>Pinda Tailam est une huile de massage compos\u00e9e d&#8217;huile de s\u00e9same, d&#8217;herbes ayurv\u00e9diques telles que la val\u00e9riane indienne, la racine de teinture et autres. Cette huile a un effet nourrissant pour les tissus, apaisant pour la peau, nourrissant et rafra\u00eechissant. Il convient particuli\u00e8rement aux personnes de constitution Pitta, aux \u00e9tats de chaleur, aux bouff\u00e9es de chaleur, aux rougeurs cutan\u00e9es pour se rafra\u00eechir et s&#8217;apaiser. Les textes ayurv\u00e9diques recommandent un massage quotidien, 15 minutes avant le bain\/la douche ou l&#8217;ajout de quelques gouttes \u00e0 l&#8217;eau du bain comme additif pour le bain. Vous aimeriez savoir de quel type de constitution vous \u00eates et avec quels aliments vous maintenez ou activez votre sant\u00e9 ? Je suis heureuse de vous accompagner et de vous soutenir dans les conseils de nutrition et de sant\u00e9 Ayurveda.<\/p>\n","protected":false},"excerpt":{"rendered":"<p>Huile de massage 100 ml Pinda Tailam est une huile de massage compos\u00e9e d&#8217;huile de s\u00e9same, d&#8217;herbes ayurv\u00e9diques telles que la val\u00e9riane indienne, la racine de teinture et autres. Cette huile a un effet nourrissant pour les tissus, apaisant pour la peau, nourrissant et rafra\u00eechissant. Il convient particuli\u00e8rement aux personnes de constitution Pitta, aux \u00e9tats [&hellip;]<\/p>\n","protected":false},"featured_media":1150,"comment_status":"open","ping_status":"closed","template":"","meta":{"_acf_changed":false,"inline_featured_image":false},"product_brand":[],"product_cat":[43],"product_tag":[53],"class_list":{"0":"post-1341","1":"product","2":"type-product","3":"status-publish","4":"has-post-thumbnail","6":"product_cat-ayurveda-fr","7":"product_tag-pinda-tailam-no-8-fr-2","9":"first","10":"instock","11":"shipping-taxable","12":"purchasable","13":"product-type-simple"},"acf":[],"_links":{"self":[{"href":"https:\/\/feelunic.ch\/fr\/wp-json\/wp\/v2\/product\/1341","targetHints":{"allow":["GET"]}}],"collection":[{"href":"https:\/\/feelunic.ch\/fr\/wp-json\/wp\/v2\/product"}],"about":[{"href":"https:\/\/feelunic.ch\/fr\/wp-json\/wp\/v2\/types\/product"}],"replies":[{"embeddable":true,"href":"https:\/\/feelunic.ch\/fr\/wp-json\/wp\/v2\/comments?post=1341"}],"wp:featuredmedia":[{"embeddable":true,"href":"https:\/\/feelunic.ch\/fr\/wp-json\/wp\/v2\/media\/1150"}],"wp:attachment":[{"href":"https:\/\/feelunic.ch\/fr\/wp-json\/wp\/v2\/media?parent=1341"}],"wp:term":[{"taxonomy":"product_brand","embeddable":true,"href":"https:\/\/feelunic.ch\/fr\/wp-json\/wp\/v2\/product_brand?post=1341"},{"taxonomy":"product_cat","embeddable":true,"href":"https:\/\/feelunic.ch\/fr\/wp-json\/wp\/v2\/product_cat?post=1341"},{"taxonomy":"product_tag","embeddable":true,"href":"https:\/\/feelunic.ch\/fr\/wp-json\/wp\/v2\/product_tag?post=1341"}],"curies":[{"name":"wp","href":"https:\/\/api.w.org\/{rel}","templated":true}]}}