{"id":1340,"date":"2022-05-23T08:21:32","date_gmt":"2022-05-23T06:21:32","guid":{"rendered":"https:\/\/feelunic.ch\/produkt\/garshan-seidenhandschuhe\/"},"modified":"2022-10-10T14:07:35","modified_gmt":"2022-10-10T12:07:35","slug":"garshan-seidenhandschuhe","status":"publish","type":"product","link":"https:\/\/feelunic.ch\/fr\/produkt\/garshan-seidenhandschuhe\/","title":{"rendered":"Garshan Seidenhandschuhe"},"content":{"rendered":"<p><strong>Gants de massage<\/strong><\/p>\n<p>Le massage \u00e0 sec avec des gants de soie dit \u00ab Garshan \u00bb est recommand\u00e9 en Ayurveda pour la stimulation douce du tissu conjonctif. Ce massage stimule le m\u00e9tabolisme et la circulation sanguine et favorise le drainage lymphatique. Garshan favorise la rupture d&#8217;ama et la r\u00e9duction de kapha. Vous aimeriez savoir de quel type constitutionnel vous \u00eates et quels aliments maintiennent ou activent votre sant\u00e9 ? Je suis heureuse de vous accompagner et de vous soutenir dans les conseils de nutrition et de sant\u00e9 Ayurveda.<\/p>\n","protected":false},"excerpt":{"rendered":"<p>Gants de massage Le massage \u00e0 sec avec des gants de soie dit \u00ab Garshan \u00bb est recommand\u00e9 en Ayurveda pour la stimulation douce du tissu conjonctif. Ce massage stimule le m\u00e9tabolisme et la circulation sanguine et favorise le drainage lymphatique. Garshan favorise la rupture d&#8217;ama et la r\u00e9duction de kapha. Vous aimeriez savoir de [&hellip;]<\/p>\n","protected":false},"featured_media":1153,"comment_status":"open","ping_status":"closed","template":"","meta":{"_acf_changed":false,"inline_featured_image":false},"product_brand":[],"product_cat":[43],"product_tag":[47],"class_list":{"0":"post-1340","1":"product","2":"type-product","3":"status-publish","4":"has-post-thumbnail","6":"product_cat-ayurveda-fr","7":"product_tag-garshan-seidenhandschuhe-fr","9":"first","10":"instock","11":"shipping-taxable","12":"purchasable","13":"product-type-simple"},"acf":[],"_links":{"self":[{"href":"https:\/\/feelunic.ch\/fr\/wp-json\/wp\/v2\/product\/1340","targetHints":{"allow":["GET"]}}],"collection":[{"href":"https:\/\/feelunic.ch\/fr\/wp-json\/wp\/v2\/product"}],"about":[{"href":"https:\/\/feelunic.ch\/fr\/wp-json\/wp\/v2\/types\/product"}],"replies":[{"embeddable":true,"href":"https:\/\/feelunic.ch\/fr\/wp-json\/wp\/v2\/comments?post=1340"}],"wp:featuredmedia":[{"embeddable":true,"href":"https:\/\/feelunic.ch\/fr\/wp-json\/wp\/v2\/media\/1153"}],"wp:attachment":[{"href":"https:\/\/feelunic.ch\/fr\/wp-json\/wp\/v2\/media?parent=1340"}],"wp:term":[{"taxonomy":"product_brand","embeddable":true,"href":"https:\/\/feelunic.ch\/fr\/wp-json\/wp\/v2\/product_brand?post=1340"},{"taxonomy":"product_cat","embeddable":true,"href":"https:\/\/feelunic.ch\/fr\/wp-json\/wp\/v2\/product_cat?post=1340"},{"taxonomy":"product_tag","embeddable":true,"href":"https:\/\/feelunic.ch\/fr\/wp-json\/wp\/v2\/product_tag?post=1340"}],"curies":[{"name":"wp","href":"https:\/\/api.w.org\/{rel}","templated":true}]}}