{"id":1321,"date":"2022-05-24T10:49:11","date_gmt":"2022-05-24T08:49:11","guid":{"rendered":"https:\/\/feelunic.ch\/produkt\/tailam-no-4-sahacaradi\/"},"modified":"2022-10-10T13:58:07","modified_gmt":"2022-10-10T11:58:07","slug":"tailam-no-4-sahacaradi","status":"publish","type":"product","link":"https:\/\/feelunic.ch\/fr\/produkt\/tailam-no-4-sahacaradi\/","title":{"rendered":"Tailam No 4 Sahacaradi"},"content":{"rendered":"<p><strong>Huile de massage \u00e0 100 ml<\/strong><\/p>\n<p>Cette huile a un effet chauffant, activant, lissant et purifiant. Il est particuli\u00e8rement adapt\u00e9 aux personnes ayant une constitution kapha ou des d\u00e9s\u00e9quilibres kapha dans lesquels les tissus veulent \u00eatre d\u00e9compos\u00e9s pour aider \u00e0 suivre un r\u00e9gime, avant le sport ou une activit\u00e9 planifi\u00e9e. Les textes ayurv\u00e9diques recommandent un massage quotidien avec de l&#8217;huile chaude, 15 minutes avant le bain\/la douche ou en ajoutant quelques gouttes \u00e0 l&#8217;eau du bain comme additif pour le bain.<\/p>\n<p><em><strong>L&#8217;huile ne convient pas aux enfants ou aux b\u00e9b\u00e9s et ne doit g\u00e9n\u00e9ralement pas \u00eatre utilis\u00e9e sur la t\u00eate ou le visage car elle a un effet chauffant.<\/strong><\/em><\/p>\n","protected":false},"excerpt":{"rendered":"<p>Huile de massage \u00e0 100 ml Cette huile a un effet chauffant, activant, lissant et purifiant. Il est particuli\u00e8rement adapt\u00e9 aux personnes ayant une constitution kapha ou des d\u00e9s\u00e9quilibres kapha dans lesquels les tissus veulent \u00eatre d\u00e9compos\u00e9s pour aider \u00e0 suivre un r\u00e9gime, avant le sport ou une activit\u00e9 planifi\u00e9e. Les textes ayurv\u00e9diques recommandent un [&hellip;]<\/p>\n","protected":false},"featured_media":1166,"comment_status":"open","ping_status":"closed","template":"","meta":{"_acf_changed":false,"inline_featured_image":false},"product_brand":[],"product_cat":[43],"product_tag":[],"class_list":{"0":"post-1321","1":"product","2":"type-product","3":"status-publish","4":"has-post-thumbnail","6":"product_cat-ayurveda-fr","8":"first","9":"instock","10":"shipping-taxable","11":"purchasable","12":"product-type-simple"},"acf":[],"_links":{"self":[{"href":"https:\/\/feelunic.ch\/fr\/wp-json\/wp\/v2\/product\/1321","targetHints":{"allow":["GET"]}}],"collection":[{"href":"https:\/\/feelunic.ch\/fr\/wp-json\/wp\/v2\/product"}],"about":[{"href":"https:\/\/feelunic.ch\/fr\/wp-json\/wp\/v2\/types\/product"}],"replies":[{"embeddable":true,"href":"https:\/\/feelunic.ch\/fr\/wp-json\/wp\/v2\/comments?post=1321"}],"wp:featuredmedia":[{"embeddable":true,"href":"https:\/\/feelunic.ch\/fr\/wp-json\/wp\/v2\/media\/1166"}],"wp:attachment":[{"href":"https:\/\/feelunic.ch\/fr\/wp-json\/wp\/v2\/media?parent=1321"}],"wp:term":[{"taxonomy":"product_brand","embeddable":true,"href":"https:\/\/feelunic.ch\/fr\/wp-json\/wp\/v2\/product_brand?post=1321"},{"taxonomy":"product_cat","embeddable":true,"href":"https:\/\/feelunic.ch\/fr\/wp-json\/wp\/v2\/product_cat?post=1321"},{"taxonomy":"product_tag","embeddable":true,"href":"https:\/\/feelunic.ch\/fr\/wp-json\/wp\/v2\/product_tag?post=1321"}],"curies":[{"name":"wp","href":"https:\/\/api.w.org\/{rel}","templated":true}]}}