{"id":1755,"date":"2022-11-05T14:47:09","date_gmt":"2022-11-05T13:47:09","guid":{"rendered":"https:\/\/feelunic.ch\/?page_id=1755"},"modified":"2022-11-22T15:27:42","modified_gmt":"2022-11-22T14:27:42","slug":"balance-sens-2","status":"publish","type":"page","link":"https:\/\/feelunic.ch\/fr\/massage-du-dos-aux-pierres-chaudes-avec-des-huiles-chaudes-aux-herbes\/balance-sens-2\/","title":{"rendered":"Balance Sens"},"content":{"rendered":"\n<div class=\"wp-block-group\"><div class=\"wp-block-group__inner-container is-layout-flow wp-block-group-is-layout-flow\">\n<h2 class=\"has-text-align-center wp-block-heading\"><strong>Balance Sens<\/strong><\/h2>\n\n\n\n<p class=\"has-text-align-center is-style-lead\"><strong> <\/strong>D\u00e9tends ton esprit, revitalise ton corps avec le Gua Sha<\/p>\n\n\n<div class=\"wp-block-image\">\n<figure class=\"aligncenter size-full is-resized\"><img loading=\"lazy\" decoding=\"async\" src=\"https:\/\/feelunic.ch\/app\/uploads\/2022\/11\/test-e1667458866795.jpg\" alt=\"\" class=\"wp-image-1629\" width=\"474\" height=\"266\" srcset=\"https:\/\/feelunic.ch\/app\/uploads\/2022\/11\/test-e1667458866795.jpg 887w, https:\/\/feelunic.ch\/app\/uploads\/2022\/11\/test-e1667458866795-300x169.jpg 300w, https:\/\/feelunic.ch\/app\/uploads\/2022\/11\/test-e1667458866795-768x432.jpg 768w, https:\/\/feelunic.ch\/app\/uploads\/2022\/11\/test-e1667458866795-600x338.jpg 600w, https:\/\/feelunic.ch\/app\/uploads\/2022\/11\/test-e1667458866795-416x234.jpg 416w\" sizes=\"auto, (max-width: 474px) 100vw, 474px\" \/><\/figure>\n<\/div>\n\n\n<p class=\"has-text-align-center\">Ce traitement du visage et du cuir chevelu est tr\u00e8s relaxant, nettoyant et purifiant, tout en activant le renouvellement des cellules et en luttant contre le processus de vieillissement. Ce soin du visage nettoie et clarifie tout en activant le renouvellement cellulaire et en luttant contre le processus de vieillissement. Les r\u00e9flexes faciaux et les m\u00e9ridiens sont activ\u00e9s avec le jade vert, cette pierre de gu\u00e9rison favorise l&#8217;agilit\u00e9 mentale, r\u00e9tablissant ainsi l&#8217;\u00e9quilibre physique et mental inh\u00e9rent. Le r\u00e9sultat est une sant\u00e9 naturelle avec une apparence positive et belle.<\/p>\n\n\n\n<div class=\"wp-block-columns is-style-faq is-style-accordion is-layout-flex wp-container-core-columns-is-layout-9d6595d7 wp-block-columns-is-layout-flex\">\n<div class=\"wp-block-column is-layout-flow wp-block-column-is-layout-flow\">\n<p class=\"has-text-align-center\"><strong><strong>Plus d&#8217;infos<\/strong><\/strong><\/p>\n<\/div>\n\n\n\n<div class=\"wp-block-column is-layout-flow wp-block-column-is-layout-flow\">\n<p>Les outils Gua Sha sont gratt\u00e9s en douceur sur ta peau afin de lib\u00e9rer les blocages \u00e9nerg\u00e9tiques, de stimuler le flux lymphatique, d&#8217;augmenter la circulation sanguine et de stimuler l&#8217;activit\u00e9 cellulaire. Cette technique naturelle soulage les tensions du visage, aide \u00e0 r\u00e9duire les gonflements, lisse la peau et unifie le teint. Cette pierre curative favorise en outre la mobilit\u00e9 mentale, ce qui permet de r\u00e9tablir l&#8217;\u00e9quilibre physique et mental inh\u00e9rent.  Le r\u00e9sultat est une sant\u00e9 naturelle avec un rayonnement positif, un \u00e9quilibre et une satisfaction.<\/p>\n<\/div>\n<\/div>\n\n\n\n<div class=\"wp-block-buttons is-horizontal is-content-justification-center is-layout-flex wp-container-core-buttons-is-layout-499968f5 wp-block-buttons-is-layout-flex\">\n<div class=\"wp-block-button\"><a class=\"wp-block-button__link\" href=\"https:\/\/feelunic.ch\/fr\/prendre-rendez-vous\/\"><meta charset=\"utf-8\">Prix et rendez-vous<\/a><\/div>\n<\/div>\n<\/div><\/div>\n\n\n\n<p><\/p>\n","protected":false},"excerpt":{"rendered":"<p>Balance Sens D\u00e9tends ton esprit, revitalise ton corps avec le Gua Sha Ce traitement du visage et du cuir chevelu est tr\u00e8s relaxant, nettoyant et purifiant, tout en activant le renouvellement des cellules et en luttant contre le processus de vieillissement. Ce soin du visage nettoie et clarifie tout en activant le renouvellement cellulaire et [&hellip;]<\/p>\n","protected":false},"author":2,"featured_media":0,"parent":1195,"menu_order":0,"comment_status":"closed","ping_status":"closed","template":"","meta":{"_acf_changed":false,"inline_featured_image":false,"footnotes":""},"class_list":["post-1755","page","type-page","status-publish","hentry"],"acf":[],"_links":{"self":[{"href":"https:\/\/feelunic.ch\/fr\/wp-json\/wp\/v2\/pages\/1755","targetHints":{"allow":["GET"]}}],"collection":[{"href":"https:\/\/feelunic.ch\/fr\/wp-json\/wp\/v2\/pages"}],"about":[{"href":"https:\/\/feelunic.ch\/fr\/wp-json\/wp\/v2\/types\/page"}],"author":[{"embeddable":true,"href":"https:\/\/feelunic.ch\/fr\/wp-json\/wp\/v2\/users\/2"}],"replies":[{"embeddable":true,"href":"https:\/\/feelunic.ch\/fr\/wp-json\/wp\/v2\/comments?post=1755"}],"version-history":[{"count":3,"href":"https:\/\/feelunic.ch\/fr\/wp-json\/wp\/v2\/pages\/1755\/revisions"}],"predecessor-version":[{"id":1792,"href":"https:\/\/feelunic.ch\/fr\/wp-json\/wp\/v2\/pages\/1755\/revisions\/1792"}],"up":[{"embeddable":true,"href":"https:\/\/feelunic.ch\/fr\/wp-json\/wp\/v2\/pages\/1195"}],"wp:attachment":[{"href":"https:\/\/feelunic.ch\/fr\/wp-json\/wp\/v2\/media?parent=1755"}],"curies":[{"name":"wp","href":"https:\/\/api.w.org\/{rel}","templated":true}]}}