{"id":1717,"date":"2022-11-01T21:19:01","date_gmt":"2022-11-01T20:19:01","guid":{"rendered":"https:\/\/feelunic.ch\/?page_id=1717"},"modified":"2022-11-07T08:14:22","modified_gmt":"2022-11-07T07:14:22","slug":"massage-du-dos-aux-pierres-chaudes","status":"publish","type":"page","link":"https:\/\/feelunic.ch\/fr\/massage-du-dos-aux-pierres-chaudes-avec-des-huiles-chaudes-aux-herbes\/massage-du-dos-aux-pierres-chaudes\/","title":{"rendered":"Massage du dos aux pierres chaudes"},"content":{"rendered":"\n<div class=\"wp-block-group\"><div class=\"wp-block-group__inner-container is-layout-flow wp-block-group-is-layout-flow\">\n<h2 class=\"has-text-align-center wp-block-heading\">Hot Stone <\/h2>\n\n\n\n<p class=\"has-text-align-center is-style-lead\">Massage du dos avec des huiles chaudes aux herbes et des pierres volcaniques<\/p>\n\n\n<div class=\"wp-block-image\">\n<figure class=\"aligncenter size-medium is-resized\"><img loading=\"lazy\" decoding=\"async\" src=\"https:\/\/feelunic.ch\/app\/uploads\/2022\/11\/foto-hot-stone-300x199.jpg\" alt=\"\" class=\"wp-image-1577\" width=\"394\" height=\"261\" srcset=\"https:\/\/feelunic.ch\/app\/uploads\/2022\/11\/foto-hot-stone-300x199.jpg 300w, https:\/\/feelunic.ch\/app\/uploads\/2022\/11\/foto-hot-stone-1024x678.jpg 1024w, https:\/\/feelunic.ch\/app\/uploads\/2022\/11\/foto-hot-stone-768x508.jpg 768w, https:\/\/feelunic.ch\/app\/uploads\/2022\/11\/foto-hot-stone-1536x1017.jpg 1536w, https:\/\/feelunic.ch\/app\/uploads\/2022\/11\/foto-hot-stone-2048x1356.jpg 2048w, https:\/\/feelunic.ch\/app\/uploads\/2022\/11\/foto-hot-stone-600x397.jpg 600w, https:\/\/feelunic.ch\/app\/uploads\/2022\/11\/foto-hot-stone-1200x795.jpg 1200w, https:\/\/feelunic.ch\/app\/uploads\/2022\/11\/foto-hot-stone-1800x1192.jpg 1800w, https:\/\/feelunic.ch\/app\/uploads\/2022\/11\/foto-hot-stone-2000x1324.jpg 2000w, https:\/\/feelunic.ch\/app\/uploads\/2022\/11\/foto-hot-stone-416x275.jpg 416w\" sizes=\"auto, (max-width: 394px) 100vw, 394px\" \/><\/figure>\n<\/div>\n\n\n<p class=\"has-text-align-center\">Le massage aux pierres chaudes du dos avec des huiles chaudes aux herbes r\u00e9duit les tensions musculaires, les douleurs, le stress, am\u00e9liore le sommeil et d\u00e9tend le corps et l&#8217;esprit.<\/p>\n\n\n\n<p class=\"has-text-align-center\"><\/p>\n<\/div><\/div>\n\n\n\n<div class=\"wp-block-columns is-style-faq is-style-accordion is-layout-flex wp-container-core-columns-is-layout-9d6595d7 wp-block-columns-is-layout-flex\">\n<div class=\"wp-block-column is-layout-flow wp-block-column-is-layout-flow\">\n<p class=\"has-text-align-center\"><strong><strong>Plus d\u2019infos<\/strong><\/strong><\/p>\n<\/div>\n\n\n\n<div class=\"wp-block-column is-layout-flow wp-block-column-is-layout-flow\">\n<p>Un massage aux pierres chaudes est une combinaison de massage, de traitement des chakras et des m\u00e9ridiens. Cette ancienne technique de massage avec des pierres volcaniques chaudes et des huiles essentielles stimule le syst\u00e8me nerveux, sanguin et lymphatique, renforce le syst\u00e8me immunitaire, d\u00e9tend les muscles, active les sources d&#8217;\u00e9nergie propres au corps et le m\u00e9tabolisme des tissus. La chaleur p\u00e9n\u00e8tre jusqu&#8217;aux zones les plus profondes du corps et a ainsi un effet tr\u00e8s b\u00e9n\u00e9fique et relaxant sur le corps et l&#8217;esprit.<\/p>\n<\/div>\n<\/div>\n\n\n\n<div class=\"wp-block-buttons is-horizontal is-content-justification-center is-layout-flex wp-container-core-buttons-is-layout-499968f5 wp-block-buttons-is-layout-flex\">\n<div class=\"wp-block-button\"><a class=\"wp-block-button__link\" href=\"https:\/\/feelunic.ch\/fr\/prendre-rendez-vous\/\"><meta charset=\"utf-8\">Prix et rendez-vous<\/a><\/div>\n<\/div>\n\n\n\n<p> <br><br><br><\/p>\n","protected":false},"excerpt":{"rendered":"<p>Hot Stone Massage du dos avec des huiles chaudes aux herbes et des pierres volcaniques Le massage aux pierres chaudes du dos avec des huiles chaudes aux herbes r\u00e9duit les tensions musculaires, les douleurs, le stress, am\u00e9liore le sommeil et d\u00e9tend le corps et l&#8217;esprit. Plus d\u2019infos Un massage aux pierres chaudes est une combinaison [&hellip;]<\/p>\n","protected":false},"author":2,"featured_media":0,"parent":1195,"menu_order":0,"comment_status":"closed","ping_status":"closed","template":"","meta":{"_acf_changed":false,"inline_featured_image":false,"footnotes":""},"class_list":["post-1717","page","type-page","status-publish","hentry"],"acf":[],"_links":{"self":[{"href":"https:\/\/feelunic.ch\/fr\/wp-json\/wp\/v2\/pages\/1717","targetHints":{"allow":["GET"]}}],"collection":[{"href":"https:\/\/feelunic.ch\/fr\/wp-json\/wp\/v2\/pages"}],"about":[{"href":"https:\/\/feelunic.ch\/fr\/wp-json\/wp\/v2\/types\/page"}],"author":[{"embeddable":true,"href":"https:\/\/feelunic.ch\/fr\/wp-json\/wp\/v2\/users\/2"}],"replies":[{"embeddable":true,"href":"https:\/\/feelunic.ch\/fr\/wp-json\/wp\/v2\/comments?post=1717"}],"version-history":[{"count":3,"href":"https:\/\/feelunic.ch\/fr\/wp-json\/wp\/v2\/pages\/1717\/revisions"}],"predecessor-version":[{"id":1743,"href":"https:\/\/feelunic.ch\/fr\/wp-json\/wp\/v2\/pages\/1717\/revisions\/1743"}],"up":[{"embeddable":true,"href":"https:\/\/feelunic.ch\/fr\/wp-json\/wp\/v2\/pages\/1195"}],"wp:attachment":[{"href":"https:\/\/feelunic.ch\/fr\/wp-json\/wp\/v2\/media?parent=1717"}],"curies":[{"name":"wp","href":"https:\/\/api.w.org\/{rel}","templated":true}]}}