{"id":1268,"date":"2022-05-11T17:22:41","date_gmt":"2022-05-11T15:22:41","guid":{"rendered":"https:\/\/feelunic.ch\/?page_id=1268"},"modified":"2022-10-12T21:23:02","modified_gmt":"2022-10-12T19:23:02","slug":"prendre-rendez-vous","status":"publish","type":"page","link":"https:\/\/feelunic.ch\/fr\/prendre-rendez-vous\/","title":{"rendered":"Prendre rendez-vous"},"content":{"rendered":"\n<div class=\"wp-block-group\"><div class=\"wp-block-group__inner-container is-layout-flow wp-block-group-is-layout-flow\">\n<h2 class=\"has-text-align-center wp-block-heading\">Prendre rendez-vous<\/h2>\n\n\n\n<p><br><\/p>\n\n\n\n<form method=\"post\" class=\"booking-form\">\n\t<p>Selectionez:<\/p>\n\t<select name=\"booking-product\" class=\"js-service-selector\">\n\t\t<option value=\"-\">TRAITEMENT<\/option>\n\t\t\t\t<option data-duration=\"40\" value=\"1332\">Ventouses (40min) \u2013 CHF 80<\/option>\n\t\t\t\t<option data-duration=\"75\" value=\"1353\">OxyGeneo Traitement du visage (75min) \u2013 CHF 190<\/option>\n\t\t\t\t<option data-duration=\"90\" value=\"1352\">OxyGeneo visage, cou, d\u00e9collet\u00e9 (90min) \u2013 CHF 230<\/option>\n\t\t\t\t<option data-duration=\"75\" value=\"1361\">Microneedling visage, cou, d\u00e9collet\u00e9 (75min) \u2013 CHF 200<\/option>\n\t\t\t\t<option data-duration=\"60\" value=\"1362\">Microneedling visage (60min) \u2013 CHF 175<\/option>\n\t\t\t\t<option data-duration=\"75\" value=\"1358\">M\u00e9soth\u00e9rapie visage, cou, d\u00e9collet\u00e9 (75min) \u2013 CHF 250<\/option>\n\t\t\t\t<option data-duration=\"60\" value=\"1359\">M\u00e9sotherapie visage (60min) \u2013 CHF 220<\/option>\n\t\t\t\t<option data-duration=\"70\" value=\"1349\">Pour l&#8217;homme: traitement du visage (70min) \u2013 CHF 150<\/option>\n\t\t\t\t<option data-duration=\"90\" value=\"1351\">Traitement detox (90min) \u2013 CHF 165<\/option>\n\t\t\t\t<option data-duration=\"30\" value=\"1333\">Entretien conseil (30min) \u2013 CHF 50<\/option>\n\t\t\t\t<option data-duration=\"90\" value=\"1334\">Balance Sens (90min) \u2013 CHF 165<\/option>\n\t\t\t\t<option data-duration=\"60\" value=\"1347\">Ayurveda conseil d&#8217;alimentation : Rendez-vous de suivi (60min) \u2013 CHF 150<\/option>\n\t\t\t\t<option data-duration=\"90\" value=\"1348\">Ayurveda conseil d&#8217;alimentation : premier rendez-vous (90min) \u2013 CHF 180<\/option>\n\t\t\t\t<option data-duration=\"45\" value=\"1593\">Hot Stone (45min) \u2013 CHF 100<\/option>\n\t\t\t<\/select>\n\t<br \/>\n\t<select name=\"booking-date\" class=\"js-date-selector\">\n\t\t<option value=\"-\">DATE<\/option>\n\t\t\t\t\t\t<option value=\"2026-05-07\">07. Mai 2026<\/option>\n\t\t\t\t\t\t<option value=\"2026-05-08\">08. Mai 2026<\/option>\n\t\t\t\t\t\t<option value=\"2026-05-21\">21. Mai 2026<\/option>\n\t\t\t\t\t\t<option value=\"2026-05-28\">28. Mai 2026<\/option>\n\t\t\t\t\t\t<option value=\"2026-05-29\">29. Mai 2026<\/option>\n\t\t\t<\/select>\n\t<br \/>\n\t<select name=\"booking-time\" class=\"js-time-selector\">\n\t\t<option value=\"-\">TEMPS<\/option>\n\t<\/select>\n\t<select class=\"js-times-backup\" style=\"display:none\">\n\t\t<option value=\"-\">TEMPS<\/option>\n\t\t\t\t\n\t\t\t\t\t\t<option data-day=\"2026-05-07\"  data-max-duration=\"150\" value=\"2026-05-07 13:30\">13:30<\/option>\n\t\t\t\t\t\n\t\t\t\t\t\n\t\t\t\t\t\n\t\t\t\t\t\n\t\t\t\t\t\n\t\t\t\t\t\t<option data-day=\"2026-05-07\"  data-max-duration=\"75\" value=\"2026-05-07 14:45\">14:45<\/option>\n\t\t\t\t\t\n\t\t\t\t\t\t<option data-day=\"2026-05-07\"  data-max-duration=\"60\" value=\"2026-05-07 15:00\">15:00<\/option>\n\t\t\t\t\t\n\t\t\t\t\t\t<option data-day=\"2026-05-07\"  data-max-duration=\"45\" value=\"2026-05-07 15:15\">15:15<\/option>\n\t\t\t\t\t\n\t\t\t\t\t\t<option data-day=\"2026-05-07\"  data-max-duration=\"30\" value=\"2026-05-07 15:30\">15:30<\/option>\n\t\t\t\t\t\n\t\t\t\t\t\t<option data-day=\"2026-05-07\"  data-max-duration=\"15\" value=\"2026-05-07 15:45\">15:45<\/option>\n\t\t\t\t\t\t\t\t\t\n\t\t\t\t\t\t<option data-day=\"2026-05-08\"  data-max-duration=\"105\" value=\"2026-05-08 09:00\">09:00<\/option>\n\t\t\t\t\t\n\t\t\t\t\t\n\t\t\t\t\t\n\t\t\t\t\t\n\t\t\t\t\t\n\t\t\t\t\t\t<option data-day=\"2026-05-08\"  data-max-duration=\"30\" value=\"2026-05-08 10:15\">10:15<\/option>\n\t\t\t\t\t\n\t\t\t\t\t\t<option data-day=\"2026-05-08\"  data-max-duration=\"15\" value=\"2026-05-08 10:30\">10:30<\/option>\n\t\t\t\t\t\t\t\t\t\n\t\t\t\t\t\t<option data-day=\"2026-05-21\"  data-max-duration=\"105\" value=\"2026-05-21 08:15\">08:15<\/option>\n\t\t\t\t\t\n\t\t\t\t\t\n\t\t\t\t\t\n\t\t\t\t\t\n\t\t\t\t\t\n\t\t\t\t\t\t<option data-day=\"2026-05-21\"  data-max-duration=\"30\" value=\"2026-05-21 09:30\">09:30<\/option>\n\t\t\t\t\t\n\t\t\t\t\t\t<option data-day=\"2026-05-21\"  data-max-duration=\"15\" value=\"2026-05-21 09:45\">09:45<\/option>\n\t\t\t\t\t\n\t\t\t\t\t\t<option data-day=\"2026-05-21\"  data-max-duration=\"165\" value=\"2026-05-21 13:30\">13:30<\/option>\n\t\t\t\t\t\n\t\t\t\t\t\n\t\t\t\t\t\n\t\t\t\t\t\n\t\t\t\t\t\n\t\t\t\t\t\t<option data-day=\"2026-05-21\"  data-max-duration=\"90\" value=\"2026-05-21 14:45\">14:45<\/option>\n\t\t\t\t\t\n\t\t\t\t\t\t<option data-day=\"2026-05-21\"  data-max-duration=\"75\" value=\"2026-05-21 15:00\">15:00<\/option>\n\t\t\t\t\t\n\t\t\t\t\t\t<option data-day=\"2026-05-21\"  data-max-duration=\"60\" value=\"2026-05-21 15:15\">15:15<\/option>\n\t\t\t\t\t\n\t\t\t\t\t\t<option data-day=\"2026-05-21\"  data-max-duration=\"45\" value=\"2026-05-21 15:30\">15:30<\/option>\n\t\t\t\t\t\n\t\t\t\t\t\t<option data-day=\"2026-05-21\"  data-max-duration=\"30\" value=\"2026-05-21 15:45\">15:45<\/option>\n\t\t\t\t\t\n\t\t\t\t\t\t<option data-day=\"2026-05-21\"  data-max-duration=\"15\" value=\"2026-05-21 16:00\">16:00<\/option>\n\t\t\t\t\t\t\t\t\t\n\t\t\t\t\t\t<option data-day=\"2026-05-28\"  data-max-duration=\"120\" value=\"2026-05-28 16:00\">16:00<\/option>\n\t\t\t\t\t\n\t\t\t\t\t\n\t\t\t\t\t\n\t\t\t\t\t\n\t\t\t\t\t\n\t\t\t\t\t\t<option data-day=\"2026-05-28\"  data-max-duration=\"45\" value=\"2026-05-28 17:15\">17:15<\/option>\n\t\t\t\t\t\n\t\t\t\t\t\t<option data-day=\"2026-05-28\"  data-max-duration=\"30\" value=\"2026-05-28 17:30\">17:30<\/option>\n\t\t\t\t\t\n\t\t\t\t\t\t<option data-day=\"2026-05-28\"  data-max-duration=\"15\" value=\"2026-05-28 17:45\">17:45<\/option>\n\t\t\t\t\t\t\t\t\t\n\t\t\t\t\t\t<option data-day=\"2026-05-29\"  data-max-duration=\"90\" value=\"2026-05-29 14:00\">14:00<\/option>\n\t\t\t\t\t\n\t\t\t\t\t\n\t\t\t\t\t\n\t\t\t\t\t\n\t\t\t\t\t\n\t\t\t\t\t\t<option data-day=\"2026-05-29\"  data-max-duration=\"15\" value=\"2026-05-29 15:15\">15:15<\/option>\n\t\t\t\t\t\t\t\t<\/select>\n\t<br \/>\n\n\t\t\t<p>Les rendez-vous peuvent \u00eatre r\u00e9gl\u00e9s par virement bancaire\/Twint ou sur place au cabinet. La r\u00e9servation du rendez-vous est obligatoire. Annulation sans frais jusqu&#8217;\u00e0 48h avant la date r\u00e9serv\u00e9e. Des frais d&#8217;annulation de 50% des frais de traitement seront appliqu\u00e9s alors.\u00a0 Merci pour votre compr\u00e9hension.<\/p>\n\t\n\t<input type=\"submit\" value=\"Prendre rendez-vous\">\n<\/form>\n<\/div><\/div>\n","protected":false},"excerpt":{"rendered":"<p>Prendre rendez-vous<\/p>\n","protected":false},"author":2,"featured_media":0,"parent":0,"menu_order":0,"comment_status":"closed","ping_status":"closed","template":"","meta":{"_acf_changed":false,"inline_featured_image":false,"footnotes":""},"class_list":["post-1268","page","type-page","status-publish","hentry"],"acf":[],"_links":{"self":[{"href":"https:\/\/feelunic.ch\/fr\/wp-json\/wp\/v2\/pages\/1268","targetHints":{"allow":["GET"]}}],"collection":[{"href":"https:\/\/feelunic.ch\/fr\/wp-json\/wp\/v2\/pages"}],"about":[{"href":"https:\/\/feelunic.ch\/fr\/wp-json\/wp\/v2\/types\/page"}],"author":[{"embeddable":true,"href":"https:\/\/feelunic.ch\/fr\/wp-json\/wp\/v2\/users\/2"}],"replies":[{"embeddable":true,"href":"https:\/\/feelunic.ch\/fr\/wp-json\/wp\/v2\/comments?post=1268"}],"version-history":[{"count":6,"href":"https:\/\/feelunic.ch\/fr\/wp-json\/wp\/v2\/pages\/1268\/revisions"}],"predecessor-version":[{"id":1407,"href":"https:\/\/feelunic.ch\/fr\/wp-json\/wp\/v2\/pages\/1268\/revisions\/1407"}],"wp:attachment":[{"href":"https:\/\/feelunic.ch\/fr\/wp-json\/wp\/v2\/media?parent=1268"}],"curies":[{"name":"wp","href":"https:\/\/api.w.org\/{rel}","templated":true}]}}