{"id":1260,"date":"2022-05-23T12:47:16","date_gmt":"2022-05-23T10:47:16","guid":{"rendered":"https:\/\/feelunic.ch\/?page_id=1260"},"modified":"2022-10-13T10:17:01","modified_gmt":"2022-10-13T08:17:01","slug":"impressum-protection-des-donnees","status":"publish","type":"page","link":"https:\/\/feelunic.ch\/fr\/impressum-protection-des-donnees\/","title":{"rendered":"Impressum\/Protection des donn\u00e9es"},"content":{"rendered":"\n<div class=\"wp-block-group\"><div class=\"wp-block-group__inner-container is-layout-flow wp-block-group-is-layout-flow\">\n<h2 class=\"wp-block-heading\"><\/h2>\n\n\n\n<p><strong>Impressum<\/strong><br>Responsable pour le contenu:<br>Feel Unic Holistic Treatments<br>Nicole Gebel Steiner<br>Industriestrasse 16<br>3970 Salgesch<br>+41 (0)79 447 09 19<br><a href=\"mailto:&#105;&#110;&#102;&#111;&#64;&#102;&#101;&#101;&#108;&#117;&#110;&#105;&#99;&#46;&#99;&#104;\">&#105;&#110;&#102;&#111;&#64;&#102;&#101;&#101;&#108;&#117;&#110;&#105;&#99;&#46;&#99;&#104;<\/a><\/p>\n\n\n\n<p><strong>Site Internet<br><\/strong>mohnrot Grafik &amp; Webdesign<br>Kantonsstrasse 13, 3930 Visp<br>T\u00e9l\u00e9phone 027 945 12 26<br><a href=\"mailto:info@mohnrot.ch\"><a href=\"mailto:&#105;&#110;&#102;&#111;&#64;&#109;&#111;&#104;&#110;&#114;&#111;&#116;&#46;&#99;&#104;\">&#105;&#110;&#102;&#111;&#64;&#109;&#111;&#104;&#110;&#114;&#111;&#116;&#46;&#99;&#104;<\/a><\/a><br><a href=\"https:\/\/www.mohnrot.ch\" target=\"_blank\" rel=\"noreferrer noopener\">www.mohnrot.ch<\/a><\/p>\n\n\n\n<p><strong>Protection des donn\u00e9es<\/strong><br>La protection des donn\u00e9es, la s\u00e9curit\u00e9 des donn\u00e9es et le traitement responsable des donn\u00e9es personnelles sont importants pour nous. Dans cette d\u00e9claration de protection des donn\u00e9es, nous d\u00e9crivons comment nous collectons et traitons les donn\u00e9es personnelles (informations qui concernent une personne et l&#8217;identifient directement ou indirectement) lorsque vous visitez notre site Web.<\/p>\n\n\n\n<p><strong>Magasin en ligne<br><\/strong>Si vous commandez des articles chez nous dans notre boutique en ligne, vos coordonn\u00e9es du formulaire de demande, y compris les coordonn\u00e9es que vous y avez fournies, seront stock\u00e9es par nous dans le but de traiter votre commande et en cas de questions compl\u00e9mentaires. Nous ne transmettons pas ces donn\u00e9es sans votre consentement. Nous supprimons ces donn\u00e9es d\u00e8s que nous n&#8217;en avons plus besoin pour le traitement.<\/p>\n\n\n\n<p><strong>Cookies<\/strong><br>Nous utilisons des cookies sur notre site Web pour vous offrir la meilleure exp\u00e9rience utilisateur possible. Les cookies sont des fichiers texte qui sont t\u00e9l\u00e9charg\u00e9s sur votre ordinateur ou votre appareil mobile lorsque vous visitez un site Web ou utilisez une application. Nous utilisons \u00e9galement des cookies pour nous permettre d&#8217;analyser l&#8217;utilisation de notre site Web et d&#8217;optimiser nos services. Vous pouvez configurer votre navigateur Web de mani\u00e8re \u00e0 ce que le stockage des cookies soit d\u00e9sactiv\u00e9. Toutefois, veuillez noter que certaines fonctions du site Web ou de nos applications peuvent \u00eatre restreintes ou indisponibles si vous d\u00e9sactivez l&#8217;enregistrement des cookies.<\/p>\n\n\n\n<p><strong>Donn\u00e9es d&#8217;acc\u00e8s<\/strong><br>Chaque visite sur notre site Web est enregistr\u00e9e dans un journal de serveur (protocole) par notre fournisseur de services d&#8217;h\u00e9bergement Web pour l&#8217;\u00e9valuation statistique de l&#8217;acc\u00e8s au site Web et pour un d\u00e9pannage efficace. Les entr\u00e9es du journal contiennent la page cible, l&#8217;adresse IP, ainsi que le r\u00e9f\u00e9rent (origine de la requ\u00eate) et des informations sur le navigateur utilis\u00e9. Ces informations pourraient \u00e9ventuellement \u00eatre utilis\u00e9es pour vous identifier personnellement. Nous traitons ces donn\u00e9es de mani\u00e8re confidentielle et ne les partageons pas avec des tiers. Les donn\u00e9es sont principalement collect\u00e9es pour am\u00e9liorer l&#8217;exp\u00e9rience utilisateur, la s\u00e9curit\u00e9 et les performances du site Web<\/p>\n\n\n\n<p><strong>Google Map<\/strong><br>Ce site Web peut utiliser le produit Google Maps de Google Inc. En utilisant ce site Web, vous consentez \u00e0 la collecte, au traitement et \u00e0 l&#8217;utilisation des donn\u00e9es collect\u00e9es automatiquement par Google Inc, ses repr\u00e9sentants et des tiers. Vous trouverez les conditions d&#8217;utilisation de Google Maps sous &#8220;Conditions d&#8217;utilisation de Google Maps&#8221;.<\/p>\n\n\n\n<p><strong>M\u00e9dias sociaux<\/strong><br>Plugins Facebook (bouton Like &amp; Share) Des plugins du r\u00e9seau social Facebook, fournisseur Facebook Inc., 1 Hacker Way, Menlo Park, California 94025, USA, sont int\u00e9gr\u00e9s sur notre site Internet. Vous pouvez reconna\u00eetre les plugins Facebook au logo Facebook ou au \u00ab bouton J&#8217;aime \u00bb (\u00ab J&#8217;aime \u00bb) sur notre site. Vous pouvez trouver un aper\u00e7u des plugins Facebook ici : https:\/\/developers.facebook.com\/docs\/plugins\/. Lorsque vous visitez nos pages, une connexion directe est \u00e9tablie entre votre navigateur et le serveur Facebook via le plugin. Facebook re\u00e7oit l&#8217;information que vous avez visit\u00e9 notre site avec votre adresse IP. Si vous cliquez sur le bouton &#8220;J&#8217;aime&#8221; de Facebook alors que vous \u00eates connect\u00e9 \u00e0 votre compte Facebook, vous pouvez lier le contenu de nos pages \u00e0 votre profil Facebook. Cela permet \u00e0 Facebook d&#8217;associer votre visite sur notre site \u00e0 votre compte d&#8217;utilisateur. Nous attirons votre attention sur le fait que nous, en tant que fournisseur des pages, n&#8217;avons aucune connaissance du contenu des donn\u00e9es transmises ni de la mani\u00e8re dont elles sont utilis\u00e9es par Facebook. Vous trouverez de plus amples informations \u00e0 ce sujet dans la d\u00e9claration de protection des donn\u00e9es de Facebook \u00e0 l&#8217;adresse : https:\/\/de-de.facebook.com\/policy.php Si vous ne souhaitez pas que Facebook puisse attribuer votre visite sur nos pages \u00e0 votre utilisateur Facebook compte, veuillez vous connecter \u00e0 partir de votre compte utilisateur Facebook.<\/p>\n\n\n\n<p><strong>Extensions et outils<\/strong><br>Polices Web d&#8217;Adobe TypekitCe site utilise des polices dites Web fournies par Adobe Typekit pour l&#8217;affichage uniforme des polices. Lorsque vous appelez une page, votre navigateur charge les polices Web n\u00e9cessaires dans le cache de votre navigateur afin d&#8217;afficher correctement le texte et les polices.Pour cela, le navigateur que vous utilisez doit se connecter aux serveurs Adobe Typekit. Cela permet \u00e0 Adobe Typekit de savoir que notre site Web a \u00e9t\u00e9 consult\u00e9 via votre adresse IP. Les polices Web Adobe Typekit sont utilis\u00e9es dans l&#8217;int\u00e9r\u00eat d&#8217;une pr\u00e9sentation uniforme et attrayante de nos offres en ligne. Cela repr\u00e9sente un int\u00e9r\u00eat l\u00e9gitime au sens de l&#8217;article 6, paragraphe 1, point f) du RGPD. Si votre navigateur ne prend pas en charge les polices Web, une police standard sera utilis\u00e9e par votre ordinateur. Vous trouverez plus d&#8217;informations sur Adobe Typekit Web Fonts sur https :\/\/typekit.com\/ et dans la politique de confidentialit\u00e9 d&#8217;Adobe Typekit&nbsp;: https:\/\/www.adobe.com\/de\/privacy\/policies\/typekit.html<\/p>\n\n\n\n<p><strong>Cryptage SSL<br><\/strong>Ce site utilise le cryptage SSL pour la s\u00e9curit\u00e9 et pour prot\u00e9ger la transmission de contenus confidentiels, tels que les demandes de contact que vous nous envoyez. Si le cryptage SSL est activ\u00e9, les donn\u00e9es que vous nous transmettez ne peuvent pas \u00eatre lues par des tiers.<\/p>\n<\/div><\/div>\n","protected":false},"excerpt":{"rendered":"<p>ImpressumResponsable pour le contenu:Feel Unic Holistic TreatmentsNicole Gebel SteinerIndustriestrasse 163970 Salgesch+41 (0)79 447 09 19 Site Internetmohnrot Grafik &amp; WebdesignKantonsstrasse 13, 3930 VispT\u00e9l\u00e9phone 027 945 12 26www.mohnrot.ch Protection des donn\u00e9esLa protection des donn\u00e9es, la s\u00e9curit\u00e9 des donn\u00e9es et le traitement responsable des donn\u00e9es personnelles sont importants pour nous. Dans cette d\u00e9claration de protection des donn\u00e9es, [&hellip;]<\/p>\n","protected":false},"author":2,"featured_media":0,"parent":0,"menu_order":0,"comment_status":"closed","ping_status":"closed","template":"","meta":{"_acf_changed":false,"inline_featured_image":false,"footnotes":""},"class_list":["post-1260","page","type-page","status-publish","hentry"],"acf":[],"_links":{"self":[{"href":"https:\/\/feelunic.ch\/fr\/wp-json\/wp\/v2\/pages\/1260","targetHints":{"allow":["GET"]}}],"collection":[{"href":"https:\/\/feelunic.ch\/fr\/wp-json\/wp\/v2\/pages"}],"about":[{"href":"https:\/\/feelunic.ch\/fr\/wp-json\/wp\/v2\/types\/page"}],"author":[{"embeddable":true,"href":"https:\/\/feelunic.ch\/fr\/wp-json\/wp\/v2\/users\/2"}],"replies":[{"embeddable":true,"href":"https:\/\/feelunic.ch\/fr\/wp-json\/wp\/v2\/comments?post=1260"}],"version-history":[{"count":5,"href":"https:\/\/feelunic.ch\/fr\/wp-json\/wp\/v2\/pages\/1260\/revisions"}],"predecessor-version":[{"id":1412,"href":"https:\/\/feelunic.ch\/fr\/wp-json\/wp\/v2\/pages\/1260\/revisions\/1412"}],"wp:attachment":[{"href":"https:\/\/feelunic.ch\/fr\/wp-json\/wp\/v2\/media?parent=1260"}],"curies":[{"name":"wp","href":"https:\/\/api.w.org\/{rel}","templated":true}]}}