{"id":1258,"date":"2022-05-11T16:58:28","date_gmt":"2022-05-11T14:58:28","guid":{"rendered":"https:\/\/feelunic.ch\/?page_id=1258"},"modified":"2025-03-15T09:33:05","modified_gmt":"2025-03-15T08:33:05","slug":"feel-unic-nicole-gebel-steiner-2","status":"publish","type":"page","link":"https:\/\/feelunic.ch\/fr\/","title":{"rendered":"Home"},"content":{"rendered":"\n<div class=\"wp-block-cover alignfull is-light\"><span aria-hidden=\"true\" class=\"wp-block-cover__background has-background-dim-0 has-background-dim\"><\/span><img loading=\"lazy\" decoding=\"async\" width=\"1500\" height=\"697\" class=\"wp-block-cover__image-background wp-image-9\" alt=\"\" src=\"https:\/\/feelunic.ch\/app\/uploads\/2022\/05\/header.jpg\" data-object-fit=\"cover\" srcset=\"https:\/\/feelunic.ch\/app\/uploads\/2022\/05\/header.jpg 1500w, https:\/\/feelunic.ch\/app\/uploads\/2022\/05\/header-416x193.jpg 416w, https:\/\/feelunic.ch\/app\/uploads\/2022\/05\/header-300x139.jpg 300w, https:\/\/feelunic.ch\/app\/uploads\/2022\/05\/header-1024x476.jpg 1024w, https:\/\/feelunic.ch\/app\/uploads\/2022\/05\/header-768x357.jpg 768w, https:\/\/feelunic.ch\/app\/uploads\/2022\/05\/header-600x279.jpg 600w, https:\/\/feelunic.ch\/app\/uploads\/2022\/05\/header-1200x558.jpg 1200w\" sizes=\"auto, (max-width: 1500px) 100vw, 1500px\" \/><div class=\"wp-block-cover__inner-container is-layout-flow wp-block-cover-is-layout-flow\">\n<p class=\"has-text-align-center has-large-font-size\"><\/p>\n<\/div><\/div>\n\n\n\n<div class=\"wp-block-group has-white-background-color has-background\"><div class=\"wp-block-group__inner-container is-layout-flow wp-block-group-is-layout-flow\">\n<h1 class=\"wp-block-heading has-text-align-center\">Beauty &amp; Health<\/h1>\n\n\n\n<p class=\"has-text-align-center is-style-lead\">feel unic te propose professionnelles<br>Soins de beaut\u00e9 et de sant\u00e9<br>individuel et exclusif<br><\/p>\n\n\n\n<div class=\"wp-block-buttons is-horizontal is-content-justification-center is-layout-flex wp-container-core-buttons-is-layout-499968f5 wp-block-buttons-is-layout-flex\">\n<div class=\"wp-block-button is-style-outline is-style-outline--1\"><a class=\"wp-block-button__link wp-element-button\" href=\"https:\/\/feelunic.ch\/fr\/feel-unic-se-sentir-unique\/\">Au sujet de Feel Unic<\/a><\/div>\n<\/div>\n<\/div><\/div>\n\n\n\n<div class=\"wp-block-group alignfull offers has-lightbrown-background-color has-background\"><div class=\"wp-block-group__inner-container is-layout-flow wp-block-group-is-layout-flow\">\n<h2 class=\"wp-block-heading has-text-align-center\">Offre<\/h2>\n\n\n\n<div class=\"wp-block-columns is-style-boxes is-layout-flex wp-container-core-columns-is-layout-9d6595d7 wp-block-columns-is-layout-flex\">\n<div class=\"wp-block-column is-layout-flow wp-block-column-is-layout-flow\">\n<h3 class=\"wp-block-heading has-text-align-center\"><a href=\"https:\/\/feelunic.ch\/fr\/microneedling\/\">Microneedling<\/a><\/h3>\n\n\n\n<p class=\"has-text-align-center\">Le secret de beaut\u00e9 des stars hollywoodiennes<\/p>\n<\/div>\n\n\n\n<div class=\"wp-block-column is-layout-flow wp-block-column-is-layout-flow\">\n<h3 class=\"wp-block-heading has-text-align-center\"><a href=\"https:\/\/feelunic.ch\/fr\/mesotherapie-fuer-die-haut\/\">M\u00e9sotherapie<\/a><\/h3>\n\n\n\n<p class=\"has-text-align-center\">L&#8217;arme secr\u00e8te anti-\u00e2ge pour le rajeunissement de la peau<\/p>\n<\/div>\n\n\n\n<div class=\"wp-block-column is-layout-flow wp-block-column-is-layout-flow\">\n<h3 class=\"wp-block-heading has-text-align-center\"><a href=\"https:\/\/feelunic.ch\/fr\/oxygeneo\/\">OxyGeneo<\/a><\/h3>\n\n\n\n<p class=\"has-text-align-center\">Traitement r\u00e9volutionnaire de la peau avec radiofr\u00e9quence et ultrasons<\/p>\n<\/div>\n<\/div>\n\n\n\n<div class=\"wp-block-columns is-style-boxes is-layout-flex wp-container-core-columns-is-layout-9d6595d7 wp-block-columns-is-layout-flex\">\n<div class=\"wp-block-column is-layout-flow wp-block-column-is-layout-flow\">\n<h3 class=\"wp-block-heading has-text-align-center\"><a href=\"https:\/\/feelunic.ch\/fr\/massage-du-dos-aux-pierres-chaudes-avec-des-huiles-chaudes-aux-herbes\/balance-sens-2\/\">Balance sens<\/a><\/h3>\n\n\n\n<p class=\"has-text-align-center\">D\u00e9tend ton esprit, revitalise ton corps<\/p>\n<\/div>\n\n\n\n<div class=\"wp-block-column is-layout-flow wp-block-column-is-layout-flow\">\n<h3 class=\"wp-block-heading has-text-align-center\"><a href=\"https:\/\/feelunic.ch\/fr\/angebot\/detox-behandlung\/\">Traitement detox<\/a><\/h3>\n\n\n\n<p class=\"has-text-align-center\">Pour la peau endommag\u00e9e par le soleil, la peau du fumeur et pour la d\u00e9sintoxication g\u00e9n\u00e9rale<\/p>\n<\/div>\n\n\n\n<div class=\"wp-block-column is-layout-flow wp-block-column-is-layout-flow\">\n<h3 class=\"wp-block-heading has-text-align-center\"><a href=\"https:\/\/feelunic.ch\/fr\/fu%cc%88r-den-mann\/\">Pour l&#8217;homme<\/a><\/h3>\n\n\n\n<p class=\"has-text-align-center\">traitement pour le pr\u00e9tendu<br>peau d&#8217;homme<\/p>\n<\/div>\n<\/div>\n\n\n\n<div class=\"wp-block-columns is-style-boxes is-layout-flex wp-container-core-columns-is-layout-9d6595d7 wp-block-columns-is-layout-flex\">\n<div class=\"wp-block-column is-layout-flow wp-block-column-is-layout-flow\">\n<h3 class=\"wp-block-heading has-text-align-center\"><a href=\"https:\/\/feelunic.ch\/fr\/ayurveda\/\">Ayurveda<\/a><a href=\"https:\/\/feelunic.ch\/ayurveda\/\"> <\/a><\/h3>\n\n\n\n<p class=\"has-text-align-center\">Conseils nutrition et sant\u00e9. Sois en harmonie avec ta propre nature<\/p>\n<\/div>\n\n\n\n<div class=\"wp-block-column is-layout-flow wp-block-column-is-layout-flow\">\n<h3 class=\"wp-block-heading has-text-align-center\"><a href=\"https:\/\/feelunic.ch\/fr\/angebot\/beratungsgespraech\/\">Entretien conseil<\/a><\/h3>\n\n\n\n<p class=\"has-text-align-center\">Organise ta consultation personnelle maintenant<\/p>\n<\/div>\n\n\n\n<div class=\"wp-block-column is-layout-flow wp-block-column-is-layout-flow\">\n<h3 class=\"wp-block-heading has-text-align-center\"><a href=\"https:\/\/feelunic.ch\/fr\/angebot\/schroepfen\/\">Ventouses<\/a><\/h3>\n\n\n\n<p class=\"has-text-align-center\">Un processus de drainage et de cicatrisation pour \u00e9liminer les substances pathog\u00e8nes du corps et soulager les tensions<\/p>\n<\/div>\n<\/div>\n\n\n\n<div class=\"wp-block-columns is-style-boxes is-layout-flex wp-container-core-columns-is-layout-9d6595d7 wp-block-columns-is-layout-flex\">\n<div class=\"wp-block-column is-layout-flow wp-block-column-is-layout-flow\">\n<h3 class=\"wp-block-heading has-text-align-center\"><a href=\"https:\/\/feelunic.ch\/fr\/massage-du-dos-aux-pierres-chaudes-avec-des-huiles-chaudes-aux-herbes\/massage-du-dos-aux-pierres-chaudes-avec-des-huiles-chaudes-aux-herbes\/\">Hot Stone<\/a><\/h3>\n\n\n\n<p>Massage du dos aux pierres chaudes r\u00e9duit les tensions musculaires, les douleurs, le stress et am\u00e9liore le sommeil<\/p>\n<\/div>\n<\/div>\n\n\n\n<p><\/p>\n<\/div><\/div>\n","protected":false},"excerpt":{"rendered":"<p>Beauty &amp; Health feel unic te propose professionnellesSoins de beaut\u00e9 et de sant\u00e9individuel et exclusif Offre Microneedling Le secret de beaut\u00e9 des stars hollywoodiennes M\u00e9sotherapie L&#8217;arme secr\u00e8te anti-\u00e2ge pour le rajeunissement de la peau OxyGeneo Traitement r\u00e9volutionnaire de la peau avec radiofr\u00e9quence et ultrasons Balance sens D\u00e9tend ton esprit, revitalise ton corps Traitement detox Pour [&hellip;]<\/p>\n","protected":false},"author":2,"featured_media":0,"parent":0,"menu_order":0,"comment_status":"closed","ping_status":"closed","template":"","meta":{"_acf_changed":false,"inline_featured_image":false,"footnotes":""},"class_list":["post-1258","page","type-page","status-publish","hentry"],"acf":[],"_links":{"self":[{"href":"https:\/\/feelunic.ch\/fr\/wp-json\/wp\/v2\/pages\/1258","targetHints":{"allow":["GET"]}}],"collection":[{"href":"https:\/\/feelunic.ch\/fr\/wp-json\/wp\/v2\/pages"}],"about":[{"href":"https:\/\/feelunic.ch\/fr\/wp-json\/wp\/v2\/types\/page"}],"author":[{"embeddable":true,"href":"https:\/\/feelunic.ch\/fr\/wp-json\/wp\/v2\/users\/2"}],"replies":[{"embeddable":true,"href":"https:\/\/feelunic.ch\/fr\/wp-json\/wp\/v2\/comments?post=1258"}],"version-history":[{"count":32,"href":"https:\/\/feelunic.ch\/fr\/wp-json\/wp\/v2\/pages\/1258\/revisions"}],"predecessor-version":[{"id":2353,"href":"https:\/\/feelunic.ch\/fr\/wp-json\/wp\/v2\/pages\/1258\/revisions\/2353"}],"wp:attachment":[{"href":"https:\/\/feelunic.ch\/fr\/wp-json\/wp\/v2\/media?parent=1258"}],"curies":[{"name":"wp","href":"https:\/\/api.w.org\/{rel}","templated":true}]}}