{"id":1254,"date":"2022-06-02T09:05:13","date_gmt":"2022-06-02T07:05:13","guid":{"rendered":"https:\/\/feelunic.ch\/?page_id=1254"},"modified":"2022-11-24T15:27:02","modified_gmt":"2022-11-24T14:27:02","slug":"ventouses","status":"publish","type":"page","link":"https:\/\/feelunic.ch\/fr\/massage-du-dos-aux-pierres-chaudes-avec-des-huiles-chaudes-aux-herbes\/ventouses\/","title":{"rendered":"Ventouses"},"content":{"rendered":"\n<div class=\"wp-block-group\"><div class=\"wp-block-group__inner-container is-layout-flow wp-block-group-is-layout-flow\">\n<h2 class=\"has-text-align-center wp-block-heading\">Ventouses<\/h2>\n\n\n\n<p class=\"has-text-align-center is-style-lead\">Proc\u00e9dures de drainage et de cicatrisation pour \u00e9liminer les substances pathog\u00e8nes du corps et soulager les tensions<\/p>\n\n\n<div class=\"wp-block-image\">\n<figure class=\"aligncenter size-full is-resized\"><img loading=\"lazy\" decoding=\"async\" src=\"https:\/\/feelunic.ch\/app\/uploads\/2022\/06\/schroepfen.jpg\" alt=\"Schr\u00f6pfen\" class=\"wp-image-850\" width=\"474\" height=\"268\" srcset=\"https:\/\/feelunic.ch\/app\/uploads\/2022\/06\/schroepfen.jpg 644w, https:\/\/feelunic.ch\/app\/uploads\/2022\/06\/schroepfen-300x169.jpg 300w, https:\/\/feelunic.ch\/app\/uploads\/2022\/06\/schroepfen-600x338.jpg 600w, https:\/\/feelunic.ch\/app\/uploads\/2022\/06\/schroepfen-416x234.jpg 416w\" sizes=\"auto, (max-width: 474px) 100vw, 474px\" \/><\/figure>\n<\/div>\n\n\n<p><\/p>\n\n\n\n<p class=\"has-text-align-center\">Les ventouses stimulent la circulation sanguine locale, le flux lymphatique et le m\u00e9tabolisme dans la zone cutan\u00e9e trait\u00e9e sont am\u00e9lior\u00e9s, le syst\u00e8me immunitaire est stimul\u00e9 et le syst\u00e8me nerveux est harmonis\u00e9. La tension et le durcissement des muscles, des tendons et des ligaments sont rel\u00e2ch\u00e9s et la douleur est soulag\u00e9e. Les ventouses peuvent \u00e9galement aider \u00e0 lutter contre la cellulite et \u00e0 resserrer le tissu conjonctif.<\/p>\n\n\n\n<p class=\"has-text-align-center\"><strong>Dur\u00e9e du traitement: Pr\u00e9vois 60 minutes pour le premier rendez-vous, puis 30 minutes \u00e0 chaque fois<\/strong><\/p>\n\n\n\n<div class=\"wp-block-columns is-style-faq is-style-accordion is-layout-flex wp-container-core-columns-is-layout-9d6595d7 wp-block-columns-is-layout-flex\">\n<div class=\"wp-block-column is-layout-flow wp-block-column-is-layout-flow\">\n<p class=\"has-text-align-center\"><strong>Plus d&#8217;infos<\/strong><\/p>\n<\/div>\n\n\n\n<div class=\"wp-block-column is-layout-flow wp-block-column-is-layout-flow\">\n<p class=\"has-text-align-center\"><strong>Contre-indications<br><\/strong>Inflammation aigu\u00eb de la zone cutan\u00e9e affect\u00e9e, tumeurs, coups de soleil,<br>Prendre des anticoagulants (par exemple Marcumar)<br><br>si vous avez une tension art\u00e9rielle tr\u00e8s basse, si vous recevez une radioth\u00e9rapie,<br>Troubles de la coagulation du sang ou de la cicatrisation des plaies, pendant la grossesse<br><\/p>\n<\/div>\n<\/div>\n\n\n\n<div class=\"wp-block-buttons is-horizontal is-content-justification-center is-layout-flex wp-container-core-buttons-is-layout-499968f5 wp-block-buttons-is-layout-flex\">\n<div class=\"wp-block-button\"><a class=\"wp-block-button__link\" href=\"https:\/\/feelunic.ch\/fr\/prendre-rendez-vous\/\"><meta charset=\"utf-8\">Prix et rendez-vous<\/a><\/div>\n<\/div>\n<\/div><\/div>\n\n\n\n<p><\/p>\n","protected":false},"excerpt":{"rendered":"<p>Ventouses Proc\u00e9dures de drainage et de cicatrisation pour \u00e9liminer les substances pathog\u00e8nes du corps et soulager les tensions Les ventouses stimulent la circulation sanguine locale, le flux lymphatique et le m\u00e9tabolisme dans la zone cutan\u00e9e trait\u00e9e sont am\u00e9lior\u00e9s, le syst\u00e8me immunitaire est stimul\u00e9 et le syst\u00e8me nerveux est harmonis\u00e9. La tension et le durcissement des [&hellip;]<\/p>\n","protected":false},"author":2,"featured_media":0,"parent":1195,"menu_order":0,"comment_status":"closed","ping_status":"closed","template":"","meta":{"_acf_changed":false,"inline_featured_image":false,"footnotes":""},"class_list":["post-1254","page","type-page","status-publish","hentry"],"acf":[],"_links":{"self":[{"href":"https:\/\/feelunic.ch\/fr\/wp-json\/wp\/v2\/pages\/1254","targetHints":{"allow":["GET"]}}],"collection":[{"href":"https:\/\/feelunic.ch\/fr\/wp-json\/wp\/v2\/pages"}],"about":[{"href":"https:\/\/feelunic.ch\/fr\/wp-json\/wp\/v2\/types\/page"}],"author":[{"embeddable":true,"href":"https:\/\/feelunic.ch\/fr\/wp-json\/wp\/v2\/users\/2"}],"replies":[{"embeddable":true,"href":"https:\/\/feelunic.ch\/fr\/wp-json\/wp\/v2\/comments?post=1254"}],"version-history":[{"count":5,"href":"https:\/\/feelunic.ch\/fr\/wp-json\/wp\/v2\/pages\/1254\/revisions"}],"predecessor-version":[{"id":1833,"href":"https:\/\/feelunic.ch\/fr\/wp-json\/wp\/v2\/pages\/1254\/revisions\/1833"}],"up":[{"embeddable":true,"href":"https:\/\/feelunic.ch\/fr\/wp-json\/wp\/v2\/pages\/1195"}],"wp:attachment":[{"href":"https:\/\/feelunic.ch\/fr\/wp-json\/wp\/v2\/media?parent=1254"}],"curies":[{"name":"wp","href":"https:\/\/api.w.org\/{rel}","templated":true}]}}