{"id":1252,"date":"2022-05-13T09:56:25","date_gmt":"2022-05-13T07:56:25","guid":{"rendered":"https:\/\/feelunic.ch\/?page_id=1252"},"modified":"2025-03-15T09:30:55","modified_gmt":"2025-03-15T08:30:55","slug":"feel-unic-se-sentir-unique","status":"publish","type":"page","link":"https:\/\/feelunic.ch\/fr\/feel-unic-se-sentir-unique\/","title":{"rendered":"feel unic"},"content":{"rendered":"\n<div class=\"wp-block-cover alignfull is-light\"><span aria-hidden=\"true\" class=\"wp-block-cover__background has-background-dim-0 has-background-dim\"><\/span><img loading=\"lazy\" decoding=\"async\" width=\"1500\" height=\"697\" class=\"wp-block-cover__image-background wp-image-9\" alt=\"\" src=\"https:\/\/feelunic.ch\/app\/uploads\/2022\/05\/header.jpg\" data-object-fit=\"cover\" srcset=\"https:\/\/feelunic.ch\/app\/uploads\/2022\/05\/header.jpg 1500w, https:\/\/feelunic.ch\/app\/uploads\/2022\/05\/header-416x193.jpg 416w, https:\/\/feelunic.ch\/app\/uploads\/2022\/05\/header-300x139.jpg 300w, https:\/\/feelunic.ch\/app\/uploads\/2022\/05\/header-1024x476.jpg 1024w, https:\/\/feelunic.ch\/app\/uploads\/2022\/05\/header-768x357.jpg 768w, https:\/\/feelunic.ch\/app\/uploads\/2022\/05\/header-600x279.jpg 600w, https:\/\/feelunic.ch\/app\/uploads\/2022\/05\/header-1200x558.jpg 1200w\" sizes=\"auto, (max-width: 1500px) 100vw, 1500px\" \/><div class=\"wp-block-cover__inner-container is-layout-flow wp-block-cover-is-layout-flow\">\n<p class=\"has-text-align-center has-large-font-size\"><\/p>\n<\/div><\/div>\n\n\n\n<div class=\"wp-block-group has-white-background-color has-background\"><div class=\"wp-block-group__inner-container is-layout-flow wp-block-group-is-layout-flow\">\n<h2 class=\"wp-block-heading has-text-align-center\">Au sujet de feel unic<\/h2>\n\n\n\n<p class=\"has-text-align-center\"><strong>Nicole Gebel Steiner:<\/strong><br><\/p>\n\n\n\n<p class=\"has-text-align-center\">Tu aimerais pr\u00e9server ou revitaliser ta beaut\u00e9 naturelle et l&#8217;\u00e9clat de ta peau ?<br>Souhaites-tu un teint \u00e9clatant &amp; frais ?<br>Tu souhaites te sentir bien dans ton corps et ton esprit et entretenir ta sant\u00e9 ?<\/p>\n\n\n\n<p class=\"has-text-align-center\"><br><br><strong>&#8220;Feel unic se concentre sur toi et tes souhaits personnels&#8221;<\/strong><\/p>\n\n\n\n<p class=\"has-text-align-center\">Nicole Gebel Steiner<\/p>\n<\/div><\/div>\n\n\n\n<figure class=\"wp-block-image alignfull size-full nomargin\"><img loading=\"lazy\" decoding=\"async\" width=\"2560\" height=\"1463\" src=\"https:\/\/feelunic.ch\/app\/uploads\/2023\/09\/nicole-23neu-1.jpg\" alt=\"Nicole Gebel Steiner\" class=\"wp-image-2053\" srcset=\"https:\/\/feelunic.ch\/app\/uploads\/2023\/09\/nicole-23neu-1.jpg 2560w, https:\/\/feelunic.ch\/app\/uploads\/2023\/09\/nicole-23neu-1-300x171.jpg 300w, https:\/\/feelunic.ch\/app\/uploads\/2023\/09\/nicole-23neu-1-1024x585.jpg 1024w, https:\/\/feelunic.ch\/app\/uploads\/2023\/09\/nicole-23neu-1-768x439.jpg 768w, https:\/\/feelunic.ch\/app\/uploads\/2023\/09\/nicole-23neu-1-1536x878.jpg 1536w, https:\/\/feelunic.ch\/app\/uploads\/2023\/09\/nicole-23neu-1-2048x1170.jpg 2048w, https:\/\/feelunic.ch\/app\/uploads\/2023\/09\/nicole-23neu-1-600x343.jpg 600w, https:\/\/feelunic.ch\/app\/uploads\/2023\/09\/nicole-23neu-1-1200x686.jpg 1200w, https:\/\/feelunic.ch\/app\/uploads\/2023\/09\/nicole-23neu-1-1800x1029.jpg 1800w, https:\/\/feelunic.ch\/app\/uploads\/2023\/09\/nicole-23neu-1-2000x1143.jpg 2000w, https:\/\/feelunic.ch\/app\/uploads\/2023\/09\/nicole-23neu-1-416x238.jpg 416w\" sizes=\"auto, (max-width: 2560px) 100vw, 2560px\" \/><\/figure>\n\n\n\n<div class=\"wp-block-group alignfull offers has-white-color has-lightbrown-background-color has-text-color has-background\"><div class=\"wp-block-group__inner-container is-layout-flow wp-block-group-is-layout-flow\">\n<p class=\"has-text-align-center has-brown-color has-text-color\">\u00abJe travaille avec les derni\u00e8res technologies en cours, des techniques test\u00e9es et des produits de soins de la peau professionnels innovants. Tous les produits cosm\u00e9tiques sont test\u00e9s dermatologiquement et exempts de conservateurs chimiques, de parfums et de colorants. L&#8217;expertise \u00e9tendue et de longue date et l&#8217;exp\u00e9rience professionnelle dans le domaine m\u00e9dical font feel unic une entreprise unique et consciencieuse.\u00bb<br><br><\/p>\n\n\n\n<p class=\"has-text-align-center\"><mark style=\"background-color:rgba(0, 0, 0, 0)\" class=\"has-inline-color has-brown-color\">Esth\u00e9ticienne dipl\u00f4m\u00e9e f\u00e9d\u00e9rale EFZ<br>Infirmi\u00e8re dipl\u00f4m\u00e9e HF<br>Experte qualifi\u00e9 en soins anesth\u00e9siques NDS HF<br>Conseils en nutrition et sant\u00e9 ayurv\u00e9diques<br><\/mark><\/p>\n\n\n\n<p><\/p>\n\n\n\n<p class=\"has-text-align-center\"><mark style=\"background-color:rgba(0, 0, 0, 0)\" class=\"has-inline-color has-white-color\">Membre Association SGMK- Soci\u00e9t\u00e9 Suisse de Cosm\u00e9tique M\u00e9dicale<br>Membre de la SBK -Association professionnelle suisse du personnel infirmier<br>Membre du groupe d&#8217;int\u00e9r\u00eat suisse SIGA pour l&#8217;anesth\u00e9sie<\/mark><\/p>\n<\/div><\/div>\n\n\n\n<p class=\"has-text-align-center\"><br><br><\/p>\n","protected":false},"excerpt":{"rendered":"<p>Au sujet de feel unic Nicole Gebel Steiner: Tu aimerais pr\u00e9server ou revitaliser ta beaut\u00e9 naturelle et l&#8217;\u00e9clat de ta peau ?Souhaites-tu un teint \u00e9clatant &amp; frais ?Tu souhaites te sentir bien dans ton corps et ton esprit et entretenir ta sant\u00e9 ? &#8220;Feel unic se concentre sur toi et tes souhaits personnels&#8221; Nicole Gebel [&hellip;]<\/p>\n","protected":false},"author":2,"featured_media":0,"parent":0,"menu_order":0,"comment_status":"closed","ping_status":"closed","template":"","meta":{"_acf_changed":false,"inline_featured_image":false,"footnotes":""},"class_list":["post-1252","page","type-page","status-publish","hentry"],"acf":[],"_links":{"self":[{"href":"https:\/\/feelunic.ch\/fr\/wp-json\/wp\/v2\/pages\/1252","targetHints":{"allow":["GET"]}}],"collection":[{"href":"https:\/\/feelunic.ch\/fr\/wp-json\/wp\/v2\/pages"}],"about":[{"href":"https:\/\/feelunic.ch\/fr\/wp-json\/wp\/v2\/types\/page"}],"author":[{"embeddable":true,"href":"https:\/\/feelunic.ch\/fr\/wp-json\/wp\/v2\/users\/2"}],"replies":[{"embeddable":true,"href":"https:\/\/feelunic.ch\/fr\/wp-json\/wp\/v2\/comments?post=1252"}],"version-history":[{"count":19,"href":"https:\/\/feelunic.ch\/fr\/wp-json\/wp\/v2\/pages\/1252\/revisions"}],"predecessor-version":[{"id":2365,"href":"https:\/\/feelunic.ch\/fr\/wp-json\/wp\/v2\/pages\/1252\/revisions\/2365"}],"wp:attachment":[{"href":"https:\/\/feelunic.ch\/fr\/wp-json\/wp\/v2\/media?parent=1252"}],"curies":[{"name":"wp","href":"https:\/\/api.w.org\/{rel}","templated":true}]}}