{"id":1247,"date":"2022-05-13T12:30:25","date_gmt":"2022-05-13T10:30:25","guid":{"rendered":"https:\/\/feelunic.ch\/?page_id=1247"},"modified":"2024-11-14T17:10:43","modified_gmt":"2024-11-14T16:10:43","slug":"oxygeneo","status":"publish","type":"page","link":"https:\/\/feelunic.ch\/fr\/massage-du-dos-aux-pierres-chaudes-avec-des-huiles-chaudes-aux-herbes\/oxygeneo\/","title":{"rendered":"OxyGeneo"},"content":{"rendered":"\n<div class=\"wp-block-group\"><div class=\"wp-block-group__inner-container is-layout-flow wp-block-group-is-layout-flow\">\n<h2 class=\"wp-block-heading has-text-align-center\">OxyGeneo<\/h2>\n\n\n\n<p class=\"has-text-align-center is-style-lead\"><meta charset=\"utf-8\">Traitement r\u00e9volutionnaire de la peau avec radiofr\u00e9quence, ultrasons et Micro-dermabrasion<\/p>\n\n\n<div class=\"wp-block-image\">\n<figure class=\"aligncenter size-full is-resized\"><img loading=\"lazy\" decoding=\"async\" width=\"644\" height=\"363\" src=\"https:\/\/feelunic.ch\/app\/uploads\/2022\/05\/geneo.jpg\" alt=\"OxyGeneo Gesichtsbehandlung Oberwallis\" class=\"wp-image-170\" style=\"width:476px;height:267px\" srcset=\"https:\/\/feelunic.ch\/app\/uploads\/2022\/05\/geneo.jpg 644w, https:\/\/feelunic.ch\/app\/uploads\/2022\/05\/geneo-416x234.jpg 416w, https:\/\/feelunic.ch\/app\/uploads\/2022\/05\/geneo-300x169.jpg 300w, https:\/\/feelunic.ch\/app\/uploads\/2022\/05\/geneo-600x338.jpg 600w\" sizes=\"auto, (max-width: 644px) 100vw, 644px\" \/><\/figure>\n<\/div>\n\n\n<p class=\"has-text-align-center\"><br>Pour un teint frais et ferme, \u00e9claircissement des taches pigmentaires, rajeunissement de la peau, d\u00e9tox<\/p>\n\n\n\n<p class=\"has-text-align-center\"><strong>DUR\u00c9E DU TRAITEMENT <\/strong>75 Minutes <br><strong>INTERVALLE DE TRAITEMENT <\/strong>\u00a0pour les meilleurs r\u00e9sultats possibles en cure de 5 \u00e0 6 traitements toutes les 2 semaines <br><strong>APR\u00c8S LE TRAITEMENT <\/strong>appliquer un \u00e9cran solaire SPF 50 quotidiennement<\/p>\n\n\n\n<p class=\"has-text-align-center has-small-font-size\"><strong>RISQUES <\/strong>aucun CONTRE-INDICATIONS Cancer de la peau, tumeurs, grossesse, allaitement, psoriasis, n\u00e9vrodermite, herp\u00e8s simplex aigu, traitements \u00e0 l&#8217;acide hyaluronique et au botox il y a moins de 14 jours<\/p>\n\n\n\n<div class=\"wp-block-columns is-style-faq is-style-accordion is-layout-flex wp-container-core-columns-is-layout-9d6595d7 wp-block-columns-is-layout-flex\">\n<div class=\"wp-block-column is-layout-flow wp-block-column-is-layout-flow\">\n<p class=\"has-text-align-center\"><strong>Plus d&#8217;infos<\/strong><\/p>\n<\/div>\n\n\n\n<div class=\"wp-block-column is-layout-flow wp-block-column-is-layout-flow\">\n<p>OxyGeneo ouvre une nouvelle \u00e8re de soins du visage. Cette m\u00e9thode r\u00e9volutionnaire et brevet\u00e9e utilise les m\u00e9canismes naturels du corps pour oxyg\u00e9ner la peau de l&#8217;int\u00e9rieur. Ce traitement donne au visage un aspect plus frais, plus ferme et plus jeune. Il favorise la synth\u00e8se naturelle du collag\u00e8ne et offre de beaux r\u00e9sultats et une r\u00e9duction des rides sur le visage, le cou et le d\u00e9collet\u00e9 sans chirurgie, temps d&#8217;arr\u00eat et douleur. Afin d&#8217;obtenir ou de maintenir un r\u00e9sultat durable, les bons soins \u00e0 domicile avec les produits de soin de la peau optimaux sont cruciaux.<\/p>\n<\/div>\n<\/div>\n\n\n\n<div class=\"wp-block-buttons is-horizontal is-content-justification-center is-layout-flex wp-container-core-buttons-is-layout-499968f5 wp-block-buttons-is-layout-flex\">\n<div class=\"wp-block-button\"><a class=\"wp-block-button__link wp-element-button\" href=\"https:\/\/feelunic.ch\/termin-buchen\/\"><meta charset=\"utf-8\">Prix et rendez-vous<\/a><\/div>\n<\/div>\n<\/div><\/div>\n\n\n\n<div class=\"wp-block-group\"><div class=\"wp-block-group__inner-container is-layout-flow wp-block-group-is-layout-flow\">\n<p class=\"has-text-align-center\"><strong>Vid\u00e9o sur le traitement<\/strong><\/p>\n\n\n\n<figure class=\"wp-block-embed is-type-video is-provider-youtube wp-block-embed-youtube wp-embed-aspect-16-9 wp-has-aspect-ratio\"><div class=\"wp-block-embed__wrapper\">\n<iframe loading=\"lazy\" title=\"OxyGeneo 3-in-1 Super Facial, The Technology\" width=\"980\" height=\"551\" src=\"https:\/\/www.youtube.com\/embed\/I0U5AddOYZs?feature=oembed\" frameborder=\"0\" allow=\"accelerometer; autoplay; clipboard-write; encrypted-media; gyroscope; picture-in-picture\" allowfullscreen><\/iframe>\n<\/div><\/figure>\n\n\n\n<figure class=\"wp-block-embed is-type-video is-provider-youtube wp-block-embed-youtube wp-embed-aspect-4-3 wp-has-aspect-ratio\"><div class=\"wp-block-embed__wrapper\">\n<iframe loading=\"lazy\" title=\"TriPollar Skin Tightening\" width=\"980\" height=\"735\" src=\"https:\/\/www.youtube.com\/embed\/qWx8LfIo5lQ?feature=oembed\" frameborder=\"0\" allow=\"accelerometer; autoplay; clipboard-write; encrypted-media; gyroscope; picture-in-picture\" allowfullscreen><\/iframe>\n<\/div><\/figure>\n<\/div><\/div>\n","protected":false},"excerpt":{"rendered":"<p>OxyGeneo Traitement r\u00e9volutionnaire de la peau avec radiofr\u00e9quence, ultrasons et Micro-dermabrasion Pour un teint frais et ferme, \u00e9claircissement des taches pigmentaires, rajeunissement de la peau, d\u00e9tox DUR\u00c9E DU TRAITEMENT 75 Minutes INTERVALLE DE TRAITEMENT \u00a0pour les meilleurs r\u00e9sultats possibles en cure de 5 \u00e0 6 traitements toutes les 2 semaines APR\u00c8S LE TRAITEMENT appliquer un [&hellip;]<\/p>\n","protected":false},"author":2,"featured_media":0,"parent":1195,"menu_order":0,"comment_status":"closed","ping_status":"closed","template":"","meta":{"_acf_changed":false,"inline_featured_image":false,"footnotes":""},"class_list":["post-1247","page","type-page","status-publish","hentry"],"acf":[],"_links":{"self":[{"href":"https:\/\/feelunic.ch\/fr\/wp-json\/wp\/v2\/pages\/1247","targetHints":{"allow":["GET"]}}],"collection":[{"href":"https:\/\/feelunic.ch\/fr\/wp-json\/wp\/v2\/pages"}],"about":[{"href":"https:\/\/feelunic.ch\/fr\/wp-json\/wp\/v2\/types\/page"}],"author":[{"embeddable":true,"href":"https:\/\/feelunic.ch\/fr\/wp-json\/wp\/v2\/users\/2"}],"replies":[{"embeddable":true,"href":"https:\/\/feelunic.ch\/fr\/wp-json\/wp\/v2\/comments?post=1247"}],"version-history":[{"count":8,"href":"https:\/\/feelunic.ch\/fr\/wp-json\/wp\/v2\/pages\/1247\/revisions"}],"predecessor-version":[{"id":2311,"href":"https:\/\/feelunic.ch\/fr\/wp-json\/wp\/v2\/pages\/1247\/revisions\/2311"}],"up":[{"embeddable":true,"href":"https:\/\/feelunic.ch\/fr\/wp-json\/wp\/v2\/pages\/1195"}],"wp:attachment":[{"href":"https:\/\/feelunic.ch\/fr\/wp-json\/wp\/v2\/media?parent=1247"}],"curies":[{"name":"wp","href":"https:\/\/api.w.org\/{rel}","templated":true}]}}