{"id":1243,"date":"2022-05-13T09:46:17","date_gmt":"2022-05-13T07:46:17","guid":{"rendered":"https:\/\/feelunic.ch\/?page_id=1243"},"modified":"2024-11-10T20:10:58","modified_gmt":"2024-11-10T19:10:58","slug":"microneedling","status":"publish","type":"page","link":"https:\/\/feelunic.ch\/fr\/massage-du-dos-aux-pierres-chaudes-avec-des-huiles-chaudes-aux-herbes\/microneedling\/","title":{"rendered":"Microneedling"},"content":{"rendered":"\n<div class=\"wp-block-group\"><div class=\"wp-block-group__inner-container is-layout-flow wp-block-group-is-layout-flow\">\n<h2 class=\"wp-block-heading has-text-align-center\">Microneedling<\/h2>\n\n\n\n<p class=\"has-text-align-center is-style-lead\">Le secret de beaut\u00e9 des stars hollywoodiennes<\/p>\n\n\n<div class=\"wp-block-image\">\n<figure class=\"aligncenter size-full\"><img loading=\"lazy\" decoding=\"async\" width=\"474\" height=\"267\" src=\"https:\/\/feelunic.ch\/app\/uploads\/2022\/11\/micro.jpg\" alt=\"Microneedling\" class=\"wp-image-1763\" srcset=\"https:\/\/feelunic.ch\/app\/uploads\/2022\/11\/micro.jpg 474w, https:\/\/feelunic.ch\/app\/uploads\/2022\/11\/micro-300x169.jpg 300w, https:\/\/feelunic.ch\/app\/uploads\/2022\/11\/micro-416x234.jpg 416w\" sizes=\"auto, (max-width: 474px) 100vw, 474px\" \/><\/figure>\n<\/div>\n\n\n<p class=\"has-text-align-center\">Pour les rides, ridules, taches pigmentaires du visage, du d\u00e9collet\u00e9 et des mains, cicatrices<\/p>\n\n\n\n<p class=\"has-text-align-center\"><strong>DUR\u00c9E DU TRAITEMENT <\/strong>60 minutes <br><strong>INTERVALLE DE TRAITEMENT<\/strong> pour les meilleurs r\u00e9sultats possibles en cure de 4 \u00e0 5 traitements \u00e0 intervalles de 1 \u00e0 2 semaines <br><strong>APR\u00c8S LE TRAITEMENT<\/strong> \u00e9viter la lumi\u00e8re directe du soleil et appliquer quotidiennement une protection solaire SPF 50<\/p>\n\n\n\n<p class=\"has-text-align-center has-small-font-size\"><strong>RISQUES<\/strong> peau rougie et gonfl\u00e9e pendant 1 \u00e0 2 jours <strong>CONTRE-INDICATIONS<\/strong> Grossesse, allaitement, psoriasis, n\u00e9vrodermite, mineurs, inflammation et infections aigu\u00ebs, maladies contagieuses (SIDA, h\u00e9patite), h\u00e9mophilie, cancer de la peau, tendance ch\u00e9lo\u00efde, herp\u00e8s simplex aigu, acn\u00e9, coup de soleil, tumeurs<\/p>\n\n\n\n<p class=\"has-text-align-center\"><\/p>\n\n\n\n<div class=\"wp-block-buttons is-horizontal is-content-justification-center is-layout-flex wp-container-core-buttons-is-layout-499968f5 wp-block-buttons-is-layout-flex\">\n<div class=\"wp-block-button\"><a class=\"wp-block-button__link wp-element-button\" href=\"https:\/\/feelunic.ch\/fr\/prendre-rendez-vous\/\">Prix et rendez-vous<\/a><\/div>\n<\/div>\n<\/div><\/div>\n","protected":false},"excerpt":{"rendered":"<p>Microneedling Le secret de beaut\u00e9 des stars hollywoodiennes Pour les rides, ridules, taches pigmentaires du visage, du d\u00e9collet\u00e9 et des mains, cicatrices DUR\u00c9E DU TRAITEMENT 60 minutes INTERVALLE DE TRAITEMENT pour les meilleurs r\u00e9sultats possibles en cure de 4 \u00e0 5 traitements \u00e0 intervalles de 1 \u00e0 2 semaines APR\u00c8S LE TRAITEMENT \u00e9viter la lumi\u00e8re [&hellip;]<\/p>\n","protected":false},"author":2,"featured_media":0,"parent":1195,"menu_order":0,"comment_status":"closed","ping_status":"closed","template":"","meta":{"_acf_changed":false,"inline_featured_image":false,"footnotes":""},"class_list":["post-1243","page","type-page","status-publish","hentry"],"acf":[],"_links":{"self":[{"href":"https:\/\/feelunic.ch\/fr\/wp-json\/wp\/v2\/pages\/1243","targetHints":{"allow":["GET"]}}],"collection":[{"href":"https:\/\/feelunic.ch\/fr\/wp-json\/wp\/v2\/pages"}],"about":[{"href":"https:\/\/feelunic.ch\/fr\/wp-json\/wp\/v2\/types\/page"}],"author":[{"embeddable":true,"href":"https:\/\/feelunic.ch\/fr\/wp-json\/wp\/v2\/users\/2"}],"replies":[{"embeddable":true,"href":"https:\/\/feelunic.ch\/fr\/wp-json\/wp\/v2\/comments?post=1243"}],"version-history":[{"count":17,"href":"https:\/\/feelunic.ch\/fr\/wp-json\/wp\/v2\/pages\/1243\/revisions"}],"predecessor-version":[{"id":2298,"href":"https:\/\/feelunic.ch\/fr\/wp-json\/wp\/v2\/pages\/1243\/revisions\/2298"}],"up":[{"embeddable":true,"href":"https:\/\/feelunic.ch\/fr\/wp-json\/wp\/v2\/pages\/1195"}],"wp:attachment":[{"href":"https:\/\/feelunic.ch\/fr\/wp-json\/wp\/v2\/media?parent=1243"}],"curies":[{"name":"wp","href":"https:\/\/api.w.org\/{rel}","templated":true}]}}