{"id":1241,"date":"2022-05-13T11:27:10","date_gmt":"2022-05-13T09:27:10","guid":{"rendered":"https:\/\/feelunic.ch\/?page_id=1241"},"modified":"2024-11-10T20:12:53","modified_gmt":"2024-11-10T19:12:53","slug":"mesotherapie-pour-la-peau","status":"publish","type":"page","link":"https:\/\/feelunic.ch\/fr\/massage-du-dos-aux-pierres-chaudes-avec-des-huiles-chaudes-aux-herbes\/mesotherapie-pour-la-peau\/","title":{"rendered":"M\u00e9soth\u00e9rapie pour la peau"},"content":{"rendered":"\n<div class=\"wp-block-group\"><div class=\"wp-block-group__inner-container is-layout-flow wp-block-group-is-layout-flow\">\n<h2 class=\"wp-block-heading has-text-align-center\">M\u00e9sotherapie<\/h2>\n\n\n\n<p class=\"has-text-align-center is-style-lead\"><strong>Pour un rajeunissement de la peau et un teint uniforme<\/strong><\/p>\n\n\n<div class=\"wp-block-image\">\n<figure class=\"aligncenter size-full is-resized\"><img loading=\"lazy\" decoding=\"async\" width=\"644\" height=\"363\" src=\"https:\/\/feelunic.ch\/app\/uploads\/2024\/10\/meso.jpg\" alt=\"Mesotherapie Gesicht\" class=\"wp-image-2257\" style=\"width:474px;height:266px\" srcset=\"https:\/\/feelunic.ch\/app\/uploads\/2024\/10\/meso.jpg 644w, https:\/\/feelunic.ch\/app\/uploads\/2024\/10\/meso-300x169.jpg 300w, https:\/\/feelunic.ch\/app\/uploads\/2024\/10\/meso-600x338.jpg 600w, https:\/\/feelunic.ch\/app\/uploads\/2024\/10\/meso-416x234.jpg 416w\" sizes=\"auto, (max-width: 644px) 100vw, 644px\" \/><\/figure>\n<\/div>\n\n\n<p class=\"has-text-align-center\"><br>Pour les rides, les taches pigmentaires, la peau \u00e0 pores grossiers<\/p>\n\n\n\n<p class=\"has-text-align-center\"><strong>DUR\u00c9E DU TRAITEMENT<\/strong> 60 minutes<br><strong> INTERVALLE DE TRAITEMENT <\/strong>meilleurs r\u00e9sultats possibles en cure avec 5-6 traitements \u00e0 intervalles de 2 semaines <strong>APRES-TRAITEMENT <\/strong>\u00e9viter la lumi\u00e8re directe du soleil pendant une p\u00e9riode prolong\u00e9e et appliquer quotidiennement un \u00e9cran solaire SPF 50<\/p>\n\n\n\n<p class=\"has-text-align-center has-small-font-size\"><strong>RISQUES <\/strong>Gonflement, rougeur CONTRE-INDICATIONS Grossesse, allaitement, tumeurs, cancer de la peau, inflammation et infections aigu\u00ebs, psoriasis, n\u00e9vrodermite, mineurs, tendance ch\u00e9lo\u00efde, herp\u00e8s simplex aigu , acn\u00e9, maladies infectieuses (h\u00e9patite, SIDA)<\/p>\n\n\n\n<div class=\"wp-block-columns is-style-faq is-style-accordion is-layout-flex wp-container-core-columns-is-layout-9d6595d7 wp-block-columns-is-layout-flex\">\n<div class=\"wp-block-column is-layout-flow wp-block-column-is-layout-flow\">\n<p class=\"has-text-align-center\"><strong>Plus d&#8217;infos<\/strong><\/p>\n<\/div>\n\n\n\n<div class=\"wp-block-column is-layout-flow wp-block-column-is-layout-flow\">\n<p class=\"has-text-align-center\">La m\u00e9soth\u00e9rapie cosmetic ( jusqu \u00e0 0,5 mm de profondeur de peau) r\u00e9pare la structure de la peau et lutte contre le vieillissement cutan\u00e9 et les rides. Elle offre une revitalisation intensive et une hydratation de la peau. <br>Pour la diminution de l&#8217;\u00e9lasticit\u00e9, les taches pigmentaires ou les impuret\u00e9s de la peau, il existe des sp\u00e9ciaux d&#8217;ingr\u00e9dients actifs qui permettent \u00e9galement une am\u00e9lioration significative ici. <br><br>La m\u00e9soth\u00e9rapie est tr\u00e8s douce pour la peau et presque indolore. Afin d&#8217;obtenir ou de maintenir un r\u00e9sultat durable, les bons soins \u00e0 domicile avec les produits de soin de la peau optimaux sont cruciaux.<\/p>\n\n\n\n<p class=\"has-text-align-center\"><\/p>\n<\/div>\n<\/div>\n\n\n\n<div class=\"wp-block-buttons is-horizontal is-content-justification-center is-layout-flex wp-container-core-buttons-is-layout-499968f5 wp-block-buttons-is-layout-flex\">\n<div class=\"wp-block-button\"><a class=\"wp-block-button__link wp-element-button\" href=\"https:\/\/feelunic.ch\/fr\/prendre-rendez-vous\/\"><meta charset=\"utf-8\">Prix et rendez-vous<\/a><\/div>\n<\/div>\n<\/div><\/div>\n\n\n\n<p><\/p>\n","protected":false},"excerpt":{"rendered":"<p>M\u00e9sotherapie Pour un rajeunissement de la peau et un teint uniforme Pour les rides, les taches pigmentaires, la peau \u00e0 pores grossiers DUR\u00c9E DU TRAITEMENT 60 minutes INTERVALLE DE TRAITEMENT meilleurs r\u00e9sultats possibles en cure avec 5-6 traitements \u00e0 intervalles de 2 semaines APRES-TRAITEMENT \u00e9viter la lumi\u00e8re directe du soleil pendant une p\u00e9riode prolong\u00e9e et [&hellip;]<\/p>\n","protected":false},"author":2,"featured_media":0,"parent":1195,"menu_order":0,"comment_status":"closed","ping_status":"closed","template":"","meta":{"_acf_changed":false,"inline_featured_image":false,"footnotes":""},"class_list":["post-1241","page","type-page","status-publish","hentry"],"acf":[],"_links":{"self":[{"href":"https:\/\/feelunic.ch\/fr\/wp-json\/wp\/v2\/pages\/1241","targetHints":{"allow":["GET"]}}],"collection":[{"href":"https:\/\/feelunic.ch\/fr\/wp-json\/wp\/v2\/pages"}],"about":[{"href":"https:\/\/feelunic.ch\/fr\/wp-json\/wp\/v2\/types\/page"}],"author":[{"embeddable":true,"href":"https:\/\/feelunic.ch\/fr\/wp-json\/wp\/v2\/users\/2"}],"replies":[{"embeddable":true,"href":"https:\/\/feelunic.ch\/fr\/wp-json\/wp\/v2\/comments?post=1241"}],"version-history":[{"count":15,"href":"https:\/\/feelunic.ch\/fr\/wp-json\/wp\/v2\/pages\/1241\/revisions"}],"predecessor-version":[{"id":2288,"href":"https:\/\/feelunic.ch\/fr\/wp-json\/wp\/v2\/pages\/1241\/revisions\/2288"}],"up":[{"embeddable":true,"href":"https:\/\/feelunic.ch\/fr\/wp-json\/wp\/v2\/pages\/1195"}],"wp:attachment":[{"href":"https:\/\/feelunic.ch\/fr\/wp-json\/wp\/v2\/media?parent=1241"}],"curies":[{"name":"wp","href":"https:\/\/api.w.org\/{rel}","templated":true}]}}