{"id":1230,"date":"2022-05-13T12:43:07","date_gmt":"2022-05-13T10:43:07","guid":{"rendered":"https:\/\/feelunic.ch\/?page_id=1230"},"modified":"2022-10-18T15:45:39","modified_gmt":"2022-10-18T13:45:39","slug":"pour-lhomme","status":"publish","type":"page","link":"https:\/\/feelunic.ch\/fr\/massage-du-dos-aux-pierres-chaudes-avec-des-huiles-chaudes-aux-herbes\/pour-lhomme\/","title":{"rendered":"Pour l&#8217;homme"},"content":{"rendered":"\n<div class=\"wp-block-group\"><div class=\"wp-block-group__inner-container is-layout-flow wp-block-group-is-layout-flow\">\n<h2 class=\"has-text-align-center wp-block-heading\">Pour l&#8217;homme<\/h2>\n\n\n\n<p class=\"has-text-align-center is-style-lead\">Traitement pour la peau masculine stress\u00e9e<\/p>\n\n\n<div class=\"wp-block-image\">\n<figure class=\"aligncenter size-full is-resized\"><img loading=\"lazy\" decoding=\"async\" src=\"https:\/\/feelunic.ch\/app\/uploads\/2022\/05\/mann.jpg\" alt=\"\" class=\"wp-image-655\" width=\"474\" height=\"268\" srcset=\"https:\/\/feelunic.ch\/app\/uploads\/2022\/05\/mann.jpg 644w, https:\/\/feelunic.ch\/app\/uploads\/2022\/05\/mann-300x169.jpg 300w, https:\/\/feelunic.ch\/app\/uploads\/2022\/05\/mann-600x338.jpg 600w, https:\/\/feelunic.ch\/app\/uploads\/2022\/05\/mann-416x234.jpg 416w\" sizes=\"auto, (max-width: 474px) 100vw, 474px\" \/><\/figure>\n<\/div>\n\n\n<p class=\"has-text-align-center\"><br>Soin du visage des peaux stress\u00e9es des hommes pour une r\u00e9g\u00e9n\u00e9ration cellulaire et un micro-relief en douceur. La peau est aliment\u00e9e en vitamines, antioxydants et acide hyaluronique. Le r\u00e9sultat donne un teint frais et am\u00e9lior\u00e9.<\/p>\n\n\n\n<div class=\"wp-block-buttons is-horizontal is-content-justification-center is-layout-flex wp-container-core-buttons-is-layout-499968f5 wp-block-buttons-is-layout-flex\">\n<div class=\"wp-block-button\"><a class=\"wp-block-button__link\" href=\"https:\/\/feelunic.ch\/fr\/prendre-rendez-vous\/\"><meta charset=\"utf-8\">Prix et rendez-vous<\/a><\/div>\n<\/div>\n<\/div><\/div>\n","protected":false},"excerpt":{"rendered":"<p>Pour l&#8217;homme Traitement pour la peau masculine stress\u00e9e Soin du visage des peaux stress\u00e9es des hommes pour une r\u00e9g\u00e9n\u00e9ration cellulaire et un micro-relief en douceur. La peau est aliment\u00e9e en vitamines, antioxydants et acide hyaluronique. Le r\u00e9sultat donne un teint frais et am\u00e9lior\u00e9.<\/p>\n","protected":false},"author":2,"featured_media":0,"parent":1195,"menu_order":0,"comment_status":"closed","ping_status":"closed","template":"","meta":{"_acf_changed":false,"inline_featured_image":false,"footnotes":""},"class_list":["post-1230","page","type-page","status-publish","hentry"],"acf":[],"_links":{"self":[{"href":"https:\/\/feelunic.ch\/fr\/wp-json\/wp\/v2\/pages\/1230","targetHints":{"allow":["GET"]}}],"collection":[{"href":"https:\/\/feelunic.ch\/fr\/wp-json\/wp\/v2\/pages"}],"about":[{"href":"https:\/\/feelunic.ch\/fr\/wp-json\/wp\/v2\/types\/page"}],"author":[{"embeddable":true,"href":"https:\/\/feelunic.ch\/fr\/wp-json\/wp\/v2\/users\/2"}],"replies":[{"embeddable":true,"href":"https:\/\/feelunic.ch\/fr\/wp-json\/wp\/v2\/comments?post=1230"}],"version-history":[{"count":5,"href":"https:\/\/feelunic.ch\/fr\/wp-json\/wp\/v2\/pages\/1230\/revisions"}],"predecessor-version":[{"id":1484,"href":"https:\/\/feelunic.ch\/fr\/wp-json\/wp\/v2\/pages\/1230\/revisions\/1484"}],"up":[{"embeddable":true,"href":"https:\/\/feelunic.ch\/fr\/wp-json\/wp\/v2\/pages\/1195"}],"wp:attachment":[{"href":"https:\/\/feelunic.ch\/fr\/wp-json\/wp\/v2\/media?parent=1230"}],"curies":[{"name":"wp","href":"https:\/\/api.w.org\/{rel}","templated":true}]}}