{"id":1222,"date":"2022-05-24T09:58:55","date_gmt":"2022-05-24T07:58:55","guid":{"rendered":"https:\/\/feelunic.ch\/?page_id=1222"},"modified":"2022-11-24T15:28:27","modified_gmt":"2022-11-24T14:28:27","slug":"traitement-detox","status":"publish","type":"page","link":"https:\/\/feelunic.ch\/fr\/massage-du-dos-aux-pierres-chaudes-avec-des-huiles-chaudes-aux-herbes\/traitement-detox\/","title":{"rendered":"Traitement Detox"},"content":{"rendered":"\n<div class=\"wp-block-group\"><div class=\"wp-block-group__inner-container is-layout-flow wp-block-group-is-layout-flow\">\n<h2 class=\"has-text-align-center wp-block-heading\">Traitement detox<\/h2>\n\n\n\n<p class=\"has-text-align-center is-style-lead\">Pour la l\u00e9g\u00e8ret\u00e9, le nettoyage et la purification g\u00e9n\u00e9rale<\/p>\n\n\n<div class=\"wp-block-image\">\n<figure class=\"aligncenter size-full is-resized\"><img loading=\"lazy\" decoding=\"async\" src=\"https:\/\/feelunic.ch\/app\/uploads\/2022\/05\/detox-1.jpg\" alt=\"\" class=\"wp-image-532\" width=\"474\" height=\"267\" srcset=\"https:\/\/feelunic.ch\/app\/uploads\/2022\/05\/detox-1.jpg 644w, https:\/\/feelunic.ch\/app\/uploads\/2022\/05\/detox-1-300x169.jpg 300w, https:\/\/feelunic.ch\/app\/uploads\/2022\/05\/detox-1-600x338.jpg 600w, https:\/\/feelunic.ch\/app\/uploads\/2022\/05\/detox-1-416x234.jpg 416w\" sizes=\"auto, (max-width: 474px) 100vw, 474px\" \/><\/figure>\n<\/div>\n\n\n<p class=\"has-text-align-center\">Ce traitement d\u00e9tox avec des produits de haute qualit\u00e9 te permet non seulement de te d\u00e9sintoxiquer, mais aussi de renforcer et de prot\u00e9ger les fonctions cellulaires. Le pH naturel de la peau peut \u00eatre r\u00e9tabli, l&#8217;aspect de la peau est am\u00e9lior\u00e9. Ton corps se sent plus l\u00e9ger et plus \u00e9nergique, le syst\u00e8me digestif est renforc\u00e9, le syst\u00e8me nerveux est apais\u00e9.<\/p>\n\n\n\n<div class=\"wp-block-columns is-style-faq is-style-accordion is-layout-flex wp-container-core-columns-is-layout-9d6595d7 wp-block-columns-is-layout-flex\">\n<div class=\"wp-block-column is-layout-flow wp-block-column-is-layout-flow\">\n<p class=\"has-text-align-center\"><strong>Plus d&#8217;infos<\/strong><\/p>\n<\/div>\n\n\n\n<div class=\"wp-block-column is-layout-flow wp-block-column-is-layout-flow\">\n<p class=\"has-text-align-center\">Detoxing signifie purifier le corps et permettre \u00e0 l&#8217;ensemble du m\u00e9tabolisme, de l&#8217;organisme de prendre un nouveau d\u00e9part. La peau aussi devrait \u00eatre d\u00e9toxifi\u00e9e de temps en temps pour pouvoir rayonner durablement, car elle nous prot\u00e8ge des dommages environnementaux ext\u00e9rieurs et nous permet d&#8217;\u00eatre en contact avec l&#8217;environnement. <br><br>Ce traitement permet \u00e0 ton corps de se d\u00e9sintoxiquer globalement et de se renforcer tant de l&#8217;ext\u00e9rieur que de l&#8217;int\u00e9rieur. <br><br>La d\u00e9sintoxication par le corps se fait par un bain de pieds basique, un massage des zones r\u00e9flexes et une boisson d\u00e9tox faite maison. Ensuite, le visage est trait\u00e9 avec pure Oxygene.<\/p>\n<\/div>\n<\/div>\n\n\n\n<div class=\"wp-block-buttons is-horizontal is-content-justification-center is-layout-flex wp-container-core-buttons-is-layout-499968f5 wp-block-buttons-is-layout-flex\">\n<div class=\"wp-block-button\"><a class=\"wp-block-button__link\" href=\"https:\/\/feelunic.ch\/fr\/prendre-rendez-vous\/\"><meta charset=\"utf-8\">Prix et rendez-vous<\/a><\/div>\n<\/div>\n<\/div><\/div>\n\n\n\n<p><\/p>\n","protected":false},"excerpt":{"rendered":"<p>Traitement detox Pour la l\u00e9g\u00e8ret\u00e9, le nettoyage et la purification g\u00e9n\u00e9rale Ce traitement d\u00e9tox avec des produits de haute qualit\u00e9 te permet non seulement de te d\u00e9sintoxiquer, mais aussi de renforcer et de prot\u00e9ger les fonctions cellulaires. Le pH naturel de la peau peut \u00eatre r\u00e9tabli, l&#8217;aspect de la peau est am\u00e9lior\u00e9. Ton corps se [&hellip;]<\/p>\n","protected":false},"author":2,"featured_media":0,"parent":1195,"menu_order":0,"comment_status":"closed","ping_status":"closed","template":"","meta":{"_acf_changed":false,"inline_featured_image":false,"footnotes":""},"class_list":["post-1222","page","type-page","status-publish","hentry"],"acf":[],"_links":{"self":[{"href":"https:\/\/feelunic.ch\/fr\/wp-json\/wp\/v2\/pages\/1222","targetHints":{"allow":["GET"]}}],"collection":[{"href":"https:\/\/feelunic.ch\/fr\/wp-json\/wp\/v2\/pages"}],"about":[{"href":"https:\/\/feelunic.ch\/fr\/wp-json\/wp\/v2\/types\/page"}],"author":[{"embeddable":true,"href":"https:\/\/feelunic.ch\/fr\/wp-json\/wp\/v2\/users\/2"}],"replies":[{"embeddable":true,"href":"https:\/\/feelunic.ch\/fr\/wp-json\/wp\/v2\/comments?post=1222"}],"version-history":[{"count":9,"href":"https:\/\/feelunic.ch\/fr\/wp-json\/wp\/v2\/pages\/1222\/revisions"}],"predecessor-version":[{"id":1835,"href":"https:\/\/feelunic.ch\/fr\/wp-json\/wp\/v2\/pages\/1222\/revisions\/1835"}],"up":[{"embeddable":true,"href":"https:\/\/feelunic.ch\/fr\/wp-json\/wp\/v2\/pages\/1195"}],"wp:attachment":[{"href":"https:\/\/feelunic.ch\/fr\/wp-json\/wp\/v2\/media?parent=1222"}],"curies":[{"name":"wp","href":"https:\/\/api.w.org\/{rel}","templated":true}]}}