{"id":1216,"date":"2022-05-13T12:49:57","date_gmt":"2022-05-13T10:49:57","guid":{"rendered":"https:\/\/feelunic.ch\/?page_id=1216"},"modified":"2022-11-22T15:26:48","modified_gmt":"2022-11-22T14:26:48","slug":"ayurveda","status":"publish","type":"page","link":"https:\/\/feelunic.ch\/fr\/massage-du-dos-aux-pierres-chaudes-avec-des-huiles-chaudes-aux-herbes\/ayurveda\/","title":{"rendered":"Ayurveda"},"content":{"rendered":"\n<div class=\"wp-block-group\"><div class=\"wp-block-group__inner-container is-layout-flow wp-block-group-is-layout-flow\">\n<h2 class=\"has-text-align-center wp-block-heading\">Ayurveda<\/h2>\n\n\n\n<p class=\"has-text-align-center is-style-lead\">Conseils de sant\u00e9 et d&#8217;alimentation<\/p>\n\n\n<div class=\"wp-block-image\">\n<figure class=\"aligncenter size-full is-resized\"><img loading=\"lazy\" decoding=\"async\" src=\"https:\/\/feelunic.ch\/app\/uploads\/2022\/05\/ayurveda.jpg\" alt=\"\" class=\"wp-image-458\" width=\"471\" height=\"268\"\/><\/figure>\n<\/div>\n\n\n<p class=\"has-text-align-center\">L&#8217;enseignement ayurv\u00e9dique attache une grande importance \u00e0 la condition individuelle de chaque individu. En mati\u00e8re de nutrition, tout le monde est (mange) diff\u00e9rent ! Le r\u00e9gime optimal n&#8217;est pas le m\u00eame pour tout le monde, mais d\u00e9pend du type. Dans l&#8217;Ayurveda, on suppose que les trois \u00e9nergies vitales Vata, Kapha et Pitta sont pr\u00e9sentes dans chaque personne. Notre constitution inn\u00e9e d\u00e9termine en grande partie notre comportement et notre mode de vie. Parfois, les doshas se m\u00e9langent, provoquant des maux et des maladies. Les doshas doivent donc \u00eatre r\u00e9\u00e9quilibr\u00e9s par une bonne alimentation et un mode de vie adapt\u00e9 \u00e0 notre propre type constitutionnel.<\/p>\n\n\n\n<div class=\"wp-block-columns is-style-faq is-style-accordion is-layout-flex wp-container-core-columns-is-layout-9d6595d7 wp-block-columns-is-layout-flex\">\n<div class=\"wp-block-column is-layout-flow wp-block-column-is-layout-flow\">\n<p class=\"has-text-align-center\"><strong>Plus d&#8217;infos<\/strong><\/p>\n<\/div>\n\n\n\n<div class=\"wp-block-column is-layout-flow wp-block-column-is-layout-flow\">\n<p class=\"has-text-align-center\"><strong>Ce conseil nutritionnel est pour toi si <\/strong>tu<\/p>\n\n\n\n<p class=\"has-text-align-center\">souffres d&#8217;indigestion, de flatulences, de constipation et de br\u00fblures d&#8217;estomac, tu veux \u00e0 nouveau plus d&#8217;\u00e9nergie, a tendance \u00e0 avoir la peau impure, des troubles du sommeil et de l&#8217;agitation int\u00e9rieure souffrent de probl\u00e8mes menstruels ou de m\u00e9nopause, lorsque tu souhaites plus de clart\u00e9 et une fonction saine des sens.<\/p>\n\n\n\n<p><\/p>\n\n\n\n<p class=\"has-text-align-center\"><strong>Premier rendez-vous<\/strong><br>La premi\u00e8re conversation consiste \u00e0 reconna\u00eetre tes besoins et tes objectifs. Cela nous permet de voir les changements et les d\u00e9s\u00e9quilibres. Avec les premiers conseils sur le comportement et la nutrition, tu pourras progresser pas \u00e0 pas vers tes objectifs.<\/p>\n\n\n\n<p class=\"has-text-align-center\">&nbsp;90 min | 180 CHF<\/p>\n\n\n\n<p class=\"has-text-align-center\"><\/p>\n\n\n\n<p class=\"has-text-align-center\"><strong>Rendez-vous de suivi<\/strong><\/p>\n\n\n\n<p class=\"has-text-align-center\">Lors d&#8217;un ou plusieurs rendez-vous de suivi, nous examinons ensemble l&#8217;\u00e9volution de la situation, des besoins et des ressources. Ensemble, nous d\u00e9velopperons d&#8217;autres strat\u00e9gies et recommandations d&#8217;action qui te soutiendront sur le chemin de ton \u00e9quilibre int\u00e9rieur.<\/p>\n\n\n\n<p class=\"has-text-align-center\">&nbsp;60 min | 150 CHF<\/p>\n<\/div>\n<\/div>\n\n\n\n<div class=\"wp-block-buttons is-horizontal is-content-justification-center is-layout-flex wp-container-core-buttons-is-layout-499968f5 wp-block-buttons-is-layout-flex\">\n<div class=\"wp-block-button\"><a class=\"wp-block-button__link\" href=\"https:\/\/feelunic.ch\/fr\/prendre-rendez-vous\/\"><meta charset=\"utf-8\">Prix et rendez-vous<\/a><\/div>\n<\/div>\n<\/div><\/div>\n\n\n\n<p><\/p>\n","protected":false},"excerpt":{"rendered":"<p>Ayurveda Conseils de sant\u00e9 et d&#8217;alimentation L&#8217;enseignement ayurv\u00e9dique attache une grande importance \u00e0 la condition individuelle de chaque individu. En mati\u00e8re de nutrition, tout le monde est (mange) diff\u00e9rent ! Le r\u00e9gime optimal n&#8217;est pas le m\u00eame pour tout le monde, mais d\u00e9pend du type. Dans l&#8217;Ayurveda, on suppose que les trois \u00e9nergies vitales Vata, [&hellip;]<\/p>\n","protected":false},"author":2,"featured_media":0,"parent":1195,"menu_order":0,"comment_status":"closed","ping_status":"closed","template":"","meta":{"_acf_changed":false,"inline_featured_image":false,"footnotes":""},"class_list":["post-1216","page","type-page","status-publish","hentry"],"acf":[],"_links":{"self":[{"href":"https:\/\/feelunic.ch\/fr\/wp-json\/wp\/v2\/pages\/1216","targetHints":{"allow":["GET"]}}],"collection":[{"href":"https:\/\/feelunic.ch\/fr\/wp-json\/wp\/v2\/pages"}],"about":[{"href":"https:\/\/feelunic.ch\/fr\/wp-json\/wp\/v2\/types\/page"}],"author":[{"embeddable":true,"href":"https:\/\/feelunic.ch\/fr\/wp-json\/wp\/v2\/users\/2"}],"replies":[{"embeddable":true,"href":"https:\/\/feelunic.ch\/fr\/wp-json\/wp\/v2\/comments?post=1216"}],"version-history":[{"count":8,"href":"https:\/\/feelunic.ch\/fr\/wp-json\/wp\/v2\/pages\/1216\/revisions"}],"predecessor-version":[{"id":1823,"href":"https:\/\/feelunic.ch\/fr\/wp-json\/wp\/v2\/pages\/1216\/revisions\/1823"}],"up":[{"embeddable":true,"href":"https:\/\/feelunic.ch\/fr\/wp-json\/wp\/v2\/pages\/1195"}],"wp:attachment":[{"href":"https:\/\/feelunic.ch\/fr\/wp-json\/wp\/v2\/media?parent=1216"}],"curies":[{"name":"wp","href":"https:\/\/api.w.org\/{rel}","templated":true}]}}