{"id":1204,"date":"2022-05-11T17:22:50","date_gmt":"2022-05-11T15:22:50","guid":{"rendered":"https:\/\/feelunic.ch\/?page_id=1204"},"modified":"2025-01-28T08:10:13","modified_gmt":"2025-01-28T07:10:13","slug":"contact","status":"publish","type":"page","link":"https:\/\/feelunic.ch\/fr\/contact\/","title":{"rendered":"Contact"},"content":{"rendered":"\n<div class=\"wp-block-group\"><div class=\"wp-block-group__inner-container is-layout-flow wp-block-group-is-layout-flow\">\n<h2 class=\"wp-block-heading has-text-align-center\">Contact<\/h2>\n\n\n\n<div class=\"wp-block-columns is-layout-flex wp-container-core-columns-is-layout-9d6595d7 wp-block-columns-is-layout-flex\">\n<div class=\"wp-block-column is-layout-flow wp-block-column-is-layout-flow\">\n<p>Une offre t&#8217;int\u00e9resse ou tu as des questions ? N&#8217;h\u00e9site pas \u00e0 me contacter, je reste \u00e0 ta disposition.<\/p>\n\n\n\n<p><strong>feel unic<\/strong><br>Cabinet de cosm\u00e9tique, beaut\u00e9 et sant\u00e9<br>Furksatrasse 19<br>3900 Brig-Glis<br>+41 (0)79 447 09 19 <br><a href=\"mailto:&#105;&#110;&#102;&#111;&#64;&#102;&#101;&#101;&#108;&#117;&#110;&#105;&#99;&#46;&#99;&#104;\">&#105;&#110;&#102;&#111;&#64;&#102;&#101;&#101;&#108;&#117;&#110;&#105;&#99;&#46;&#99;&#104;<\/a><\/p>\n\n\n\n<figure class=\"wp-block-image size-full\"><img loading=\"lazy\" decoding=\"async\" width=\"700\" height=\"525\" src=\"https:\/\/feelunic.ch\/app\/uploads\/2023\/05\/visp.jpg\" alt=\"feel unic Visp\" class=\"wp-image-1933\" srcset=\"https:\/\/feelunic.ch\/app\/uploads\/2023\/05\/visp.jpg 700w, https:\/\/feelunic.ch\/app\/uploads\/2023\/05\/visp-300x225.jpg 300w, https:\/\/feelunic.ch\/app\/uploads\/2023\/05\/visp-600x450.jpg 600w, https:\/\/feelunic.ch\/app\/uploads\/2023\/05\/visp-416x312.jpg 416w\" sizes=\"auto, (max-width: 700px) 100vw, 700px\" \/><\/figure>\n\n\n\n<p><\/p>\n<\/div>\n\n\n\n<div class=\"wp-block-column is-layout-flow wp-block-column-is-layout-flow\">\n<div class=\"wp-block-contact-form-7-contact-form-selector\">\n<div class=\"wpcf7 no-js\" id=\"wpcf7-f1433-o1\" lang=\"de-DE\" dir=\"ltr\" data-wpcf7-id=\"1433\">\n<div class=\"screen-reader-response\"><p role=\"status\" aria-live=\"polite\" aria-atomic=\"true\"><\/p> <ul><\/ul><\/div>\n<form action=\"\/fr\/wp-json\/wp\/v2\/pages\/1204#wpcf7-f1433-o1\" method=\"post\" class=\"wpcf7-form init\" aria-label=\"Contact form\" novalidate=\"novalidate\" data-status=\"init\">\n<fieldset class=\"hidden-fields-container\"><input type=\"hidden\" name=\"_wpcf7\" value=\"1433\" \/><input type=\"hidden\" name=\"_wpcf7_version\" value=\"6.1.5\" \/><input type=\"hidden\" name=\"_wpcf7_locale\" value=\"de_DE\" \/><input type=\"hidden\" name=\"_wpcf7_unit_tag\" value=\"wpcf7-f1433-o1\" \/><input type=\"hidden\" name=\"_wpcf7_container_post\" value=\"0\" \/><input type=\"hidden\" name=\"_wpcf7_posted_data_hash\" value=\"\" \/><input type=\"hidden\" name=\"_wpcf7_recaptcha_response\" value=\"\" \/>\n<\/fieldset>\n<p><span class=\"wpcf7-form-control-wrap\" data-name=\"Nachricht\"><textarea cols=\"40\" rows=\"10\" maxlength=\"2000\" class=\"wpcf7-form-control wpcf7-textarea\" aria-invalid=\"false\" placeholder=\"Message:\" name=\"Nachricht\"><\/textarea><\/span><br \/>\n<span class=\"wpcf7-form-control-wrap\" data-name=\"Vorname\"><input size=\"40\" maxlength=\"400\" class=\"wpcf7-form-control wpcf7-text\" aria-invalid=\"false\" placeholder=\"Nom:\" value=\"\" type=\"text\" name=\"Vorname\" \/><\/span><br \/>\n<span class=\"wpcf7-form-control-wrap\" data-name=\"Name\"><input size=\"40\" maxlength=\"400\" class=\"wpcf7-form-control wpcf7-text\" aria-invalid=\"false\" placeholder=\"Pr\u00e9nom:\" value=\"\" type=\"text\" name=\"Name\" \/><\/span><br \/>\n<span class=\"wpcf7-form-control-wrap\" data-name=\"Adresse\"><input size=\"40\" maxlength=\"400\" class=\"wpcf7-form-control wpcf7-text\" aria-invalid=\"false\" placeholder=\"Adresse:\" value=\"\" type=\"text\" name=\"Adresse\" \/><\/span><br \/>\n<span class=\"wpcf7-form-control-wrap\" data-name=\"PLZOrt\"><input size=\"40\" maxlength=\"400\" class=\"wpcf7-form-control wpcf7-text\" aria-invalid=\"false\" placeholder=\"Code postale\/Lieu:\" value=\"\" type=\"text\" name=\"PLZOrt\" \/><\/span><br \/>\n<span class=\"wpcf7-form-control-wrap\" data-name=\"E-Mail\"><input size=\"40\" maxlength=\"400\" class=\"wpcf7-form-control wpcf7-email wpcf7-text wpcf7-validates-as-email\" aria-invalid=\"false\" placeholder=\"E-Mail:\" value=\"\" type=\"email\" name=\"E-Mail\" \/><\/span><br \/>\n<span class=\"wpcf7-form-control-wrap\" data-name=\"Mobile\"><input size=\"40\" maxlength=\"400\" class=\"wpcf7-form-control wpcf7-text\" aria-invalid=\"false\" placeholder=\"Mobile:\" value=\"\" type=\"text\" name=\"Mobile\" \/><\/span>\n<\/p>\n<div style=\"height: 1rem\">\n<\/div>\n<p><input class=\"wpcf7-form-control wpcf7-submit has-spinner\" type=\"submit\" value=\"envoyer\" \/>\n<\/p><div class=\"wpcf7-response-output\" aria-hidden=\"true\"><\/div>\n<\/form>\n<\/div>\n<\/div>\n<\/div>\n<\/div>\n<\/div><\/div>\n\n\n\n<iframe src=\"https:\/\/www.google.com\/maps\/embed?pb=!1m14!1m8!1m3!1d11027.691515082503!2d7.8800548!3d46.2915063!3m2!1i1024!2i768!4f13.1!3m3!1m2!1s0x478f1fe9605d511f%3A0xe457a026735eea5a!2sfeel%20unic%20Praxis%20f%C3%BCr%20medizinische%20Kosmetik-Sch%C3%B6nheit-Gesundheit!5e0!3m2!1sde!2sch!4v1719213187879!5m2!1sde!2sch\" width=\"600\" height=\"450\" style=\"border:0;\" allowfullscreen=\"\" loading=\"lazy\" referrerpolicy=\"no-referrer-when-downgrade\"><\/iframe>\n","protected":false},"excerpt":{"rendered":"<p>Contact Une offre t&#8217;int\u00e9resse ou tu as des questions ? N&#8217;h\u00e9site pas \u00e0 me contacter, je reste \u00e0 ta disposition. feel unicCabinet de cosm\u00e9tique, beaut\u00e9 et sant\u00e9Furksatrasse 193900 Brig-Glis+41 (0)79 447 09 19<\/p>\n","protected":false},"author":2,"featured_media":0,"parent":0,"menu_order":0,"comment_status":"closed","ping_status":"closed","template":"","meta":{"_acf_changed":false,"inline_featured_image":false,"footnotes":""},"class_list":["post-1204","page","type-page","status-publish","hentry"],"acf":[],"_links":{"self":[{"href":"https:\/\/feelunic.ch\/fr\/wp-json\/wp\/v2\/pages\/1204","targetHints":{"allow":["GET"]}}],"collection":[{"href":"https:\/\/feelunic.ch\/fr\/wp-json\/wp\/v2\/pages"}],"about":[{"href":"https:\/\/feelunic.ch\/fr\/wp-json\/wp\/v2\/types\/page"}],"author":[{"embeddable":true,"href":"https:\/\/feelunic.ch\/fr\/wp-json\/wp\/v2\/users\/2"}],"replies":[{"embeddable":true,"href":"https:\/\/feelunic.ch\/fr\/wp-json\/wp\/v2\/comments?post=1204"}],"version-history":[{"count":22,"href":"https:\/\/feelunic.ch\/fr\/wp-json\/wp\/v2\/pages\/1204\/revisions"}],"predecessor-version":[{"id":2330,"href":"https:\/\/feelunic.ch\/fr\/wp-json\/wp\/v2\/pages\/1204\/revisions\/2330"}],"wp:attachment":[{"href":"https:\/\/feelunic.ch\/fr\/wp-json\/wp\/v2\/media?parent=1204"}],"curies":[{"name":"wp","href":"https:\/\/api.w.org\/{rel}","templated":true}]}}