{"id":1195,"date":"2022-05-11T17:22:19","date_gmt":"2022-05-11T15:22:19","guid":{"rendered":"https:\/\/feelunic.ch\/?page_id=1195"},"modified":"2024-11-05T15:01:09","modified_gmt":"2024-11-05T14:01:09","slug":"massage-du-dos-aux-pierres-chaudes-avec-des-huiles-chaudes-aux-herbes","status":"publish","type":"page","link":"https:\/\/feelunic.ch\/fr\/massage-du-dos-aux-pierres-chaudes-avec-des-huiles-chaudes-aux-herbes\/","title":{"rendered":"Offres"},"content":{"rendered":"\n<div class=\"wp-block-group offers has-lightbrown-background-color has-background\"><div class=\"wp-block-group__inner-container is-layout-flow wp-block-group-is-layout-flow\">\n<h2 class=\"wp-block-heading has-text-align-center\">Offres<\/h2>\n\n\n\n<div class=\"wp-block-columns is-style-boxes is-layout-flex wp-container-core-columns-is-layout-9d6595d7 wp-block-columns-is-layout-flex\">\n<div class=\"wp-block-column is-layout-flow wp-block-column-is-layout-flow\">\n<h3 class=\"wp-block-heading has-text-align-center\"><a href=\"https:\/\/feelunic.ch\/fr\/microneedling\/\">Microneedling<\/a><\/h3>\n\n\n\n<p class=\"has-text-align-center\">Le secret de beaut\u00e9 des stars d&#8217;Hollywood<\/p>\n<\/div>\n\n\n\n<div class=\"wp-block-column is-layout-flow wp-block-column-is-layout-flow\">\n<h3 class=\"wp-block-heading has-text-align-center\"><a href=\"https:\/\/feelunic.ch\/fr\/oxygeneo\/\">OxyGeneo<\/a><\/h3>\n\n\n\n<p class=\"has-text-align-center\">Traitement r\u00e9volutionnaire de la peau avec radiofr\u00e9quence et ultrasons<\/p>\n<\/div>\n\n\n\n<div class=\"wp-block-column is-layout-flow wp-block-column-is-layout-flow\">\n<h3 class=\"wp-block-heading has-text-align-center\"><a href=\"https:\/\/feelunic.ch\/fr\/mesotherapie-fuer-die-haut\/\">M\u00e9sotherapie<\/a><\/h3>\n\n\n\n<p class=\"has-text-align-center\">L&#8217;arme secr\u00e8te anti-\u00e2ge pour le rajeunissement de la peau<\/p>\n<\/div>\n<\/div>\n\n\n\n<div class=\"wp-block-columns is-style-boxes is-layout-flex wp-container-core-columns-is-layout-9d6595d7 wp-block-columns-is-layout-flex\">\n<div class=\"wp-block-column is-layout-flow wp-block-column-is-layout-flow\">\n<h3 class=\"wp-block-heading has-text-align-center\"><a href=\"https:\/\/feelunic.ch\/fr\/massage-du-dos-aux-pierres-chaudes-avec-des-huiles-chaudes-aux-herbes\/balance-sens-2\/\">Balance sens<\/a><\/h3>\n\n\n\n<p class=\"has-text-align-center\">D\u00e9tend ton esprit, revitalise ton corps<\/p>\n<\/div>\n\n\n\n<div class=\"wp-block-column is-layout-flow wp-block-column-is-layout-flow\">\n<h3 class=\"wp-block-heading has-text-align-center\"><a href=\"https:\/\/feelunic.ch\/fr\/angebot\/traitement-detox\/\">Traitement detox<\/a><\/h3>\n\n\n\n<p class=\"has-text-align-center\">Pour la l\u00e9g\u00e8ret\u00e9, pour le nettoyage et la purification<\/p>\n<\/div>\n\n\n\n<div class=\"wp-block-column is-layout-flow wp-block-column-is-layout-flow\">\n<h3 class=\"wp-block-heading has-text-align-center\"><a href=\"https:\/\/feelunic.ch\/fr\/angebot\/pour-lhomme\/\">Pour l&#8217;homme<\/a><\/h3>\n\n\n\n<p class=\"has-text-align-center\">traitement pour la peau masculine<\/p>\n<\/div>\n<\/div>\n\n\n\n<div class=\"wp-block-columns is-style-boxes is-layout-flex wp-container-core-columns-is-layout-9d6595d7 wp-block-columns-is-layout-flex\">\n<div class=\"wp-block-column is-layout-flow wp-block-column-is-layout-flow\">\n<h3 class=\"wp-block-heading has-text-align-center\"><a href=\"https:\/\/feelunic.ch\/fr\/ayurveda\/\">Ayurveda <\/a><\/h3>\n\n\n\n<p class=\"has-text-align-center\">Conseils nutrition et sant\u00e9. Sois en harmonie avec ta propre nature<\/p>\n<\/div>\n\n\n\n<div class=\"wp-block-column is-layout-flow wp-block-column-is-layout-flow\">\n<h3 class=\"wp-block-heading has-text-align-center\"><a href=\"https:\/\/feelunic.ch\/fr\/angebot\/beratungsgespraech\/\">Conseil entretien<\/a><\/h3>\n\n\n\n<p class=\"has-text-align-center\">Organise ta consultation personnelle maintenant<\/p>\n<\/div>\n\n\n\n<div class=\"wp-block-column is-layout-flow wp-block-column-is-layout-flow\">\n<h3 class=\"wp-block-heading has-text-align-center\"><a href=\"https:\/\/feelunic.ch\/fr\/angebot\/schroepfen\/\">Ventouses<\/a><\/h3>\n\n\n\n<p class=\"has-text-align-center\">Un processus de drainage et de cicatrisation pour \u00e9liminer les substances pathog\u00e8nes du corps et soulager les tensions<\/p>\n<\/div>\n<\/div>\n\n\n\n<div class=\"wp-block-columns is-style-boxes is-layout-flex wp-container-core-columns-is-layout-9d6595d7 wp-block-columns-is-layout-flex\">\n<div class=\"wp-block-column is-layout-flow wp-block-column-is-layout-flow\">\n<h3 class=\"wp-block-heading has-text-align-center\"><a href=\"https:\/\/feelunic.ch\/fr\/massage-du-dos-aux-pierres-chaudes-avec-des-huiles-chaudes-aux-herbes\/massage-du-dos-aux-pierres-chaudes-avec-des-huiles-chaudes-aux-herbes\/\">Hot Stone<\/a><\/h3>\n\n\n\n<p class=\"has-text-align-center\">Massage du dos aux pierres chaudes avec des huiles chaudes aux herbe<strong>s<\/strong> r\u00e9duit les tensions musculaires, les douleurs, le stress et am\u00e9liore le sommeil<\/p>\n<\/div>\n<\/div>\n\n\n\n<p><\/p>\n<\/div><\/div>\n\n\n\n<div class=\"wp-block-group\"><div class=\"wp-block-group__inner-container is-layout-flow wp-block-group-is-layout-flow\">\n<div class=\"wp-block-buttons is-horizontal is-content-justification-center is-layout-flex wp-container-core-buttons-is-layout-499968f5 wp-block-buttons-is-layout-flex\"><\/div>\n<\/div><\/div>\n","protected":false},"excerpt":{"rendered":"<p>Offres Microneedling Le secret de beaut\u00e9 des stars d&#8217;Hollywood OxyGeneo Traitement r\u00e9volutionnaire de la peau avec radiofr\u00e9quence et ultrasons M\u00e9sotherapie L&#8217;arme secr\u00e8te anti-\u00e2ge pour le rajeunissement de la peau Balance sens D\u00e9tend ton esprit, revitalise ton corps Traitement detox Pour la l\u00e9g\u00e8ret\u00e9, pour le nettoyage et la purification Pour l&#8217;homme traitement pour la peau masculine [&hellip;]<\/p>\n","protected":false},"author":2,"featured_media":0,"parent":0,"menu_order":0,"comment_status":"closed","ping_status":"closed","template":"","meta":{"_acf_changed":false,"inline_featured_image":false,"footnotes":""},"class_list":["post-1195","page","type-page","status-publish","hentry"],"acf":[],"_links":{"self":[{"href":"https:\/\/feelunic.ch\/fr\/wp-json\/wp\/v2\/pages\/1195","targetHints":{"allow":["GET"]}}],"collection":[{"href":"https:\/\/feelunic.ch\/fr\/wp-json\/wp\/v2\/pages"}],"about":[{"href":"https:\/\/feelunic.ch\/fr\/wp-json\/wp\/v2\/types\/page"}],"author":[{"embeddable":true,"href":"https:\/\/feelunic.ch\/fr\/wp-json\/wp\/v2\/users\/2"}],"replies":[{"embeddable":true,"href":"https:\/\/feelunic.ch\/fr\/wp-json\/wp\/v2\/comments?post=1195"}],"version-history":[{"count":27,"href":"https:\/\/feelunic.ch\/fr\/wp-json\/wp\/v2\/pages\/1195\/revisions"}],"predecessor-version":[{"id":2296,"href":"https:\/\/feelunic.ch\/fr\/wp-json\/wp\/v2\/pages\/1195\/revisions\/2296"}],"wp:attachment":[{"href":"https:\/\/feelunic.ch\/fr\/wp-json\/wp\/v2\/media?parent=1195"}],"curies":[{"name":"wp","href":"https:\/\/api.w.org\/{rel}","templated":true}]}}